{"id":100001,"date":"2025-08-21T10:19:50","date_gmt":"2025-08-21T13:19:50","guid":{"rendered":"https:\/\/anacleta.com.ar\/?post_type=product&#038;p=100001"},"modified":"2026-03-28T14:01:02","modified_gmt":"2026-03-28T17:01:02","slug":"top-emilie","status":"publish","type":"product","link":"https:\/\/anacleta.com.ar\/es_es\/producto\/top-emilie\/","title":{"rendered":"Top Emilie"},"content":{"rendered":"","protected":false},"excerpt":{"rendered":"<p>Top Emilie corto a la primera cadera, confeccionado en tejido fr\u00edo calado con un delicado dise\u00f1o geom\u00e9trico. Lleva tachas cosidas estrat\u00e9gicamente que aportan brillo y textura, y mangas cortas con leve volumen que equilibran su silueta.<\/p>\n<p>Composici\u00f3n: 54% viscosa, 30% poliamida, 16% poli\u00e9ster<\/p>\n<p>Referencia modelo Lena: :Altura 1,75 Talle: 1<\/p>\n","protected":false},"featured_media":100003,"template":"","meta":[],"product_brand":[480],"product_cat":[492,491,461,181],"product_tag":[112],"class_list":{"0":"post-100001","1":"product","2":"type-product","3":"status-publish","4":"has-post-thumbnail","6":"product_brand-jazmin-chebar","7":"product_cat-2x1","8":"product_cat-flash-market","9":"product_cat-todo-para-chebar","10":"product_cat-tops","11":"product_tag-jazmin-chebar","13":"first","14":"instock","15":"sale","16":"shipping-taxable","17":"purchasable","18":"product-type-variable"},"_links":{"self":[{"href":"https:\/\/anacleta.com.ar\/es_es\/wp-json\/wp\/v2\/product\/100001","targetHints":{"allow":["GET"]}}],"collection":[{"href":"https:\/\/anacleta.com.ar\/es_es\/wp-json\/wp\/v2\/product"}],"about":[{"href":"https:\/\/anacleta.com.ar\/es_es\/wp-json\/wp\/v2\/types\/product"}],"wp:featuredmedia":[{"embeddable":true,"href":"https:\/\/anacleta.com.ar\/es_es\/wp-json\/wp\/v2\/media\/100003"}],"wp:attachment":[{"href":"https:\/\/anacleta.com.ar\/es_es\/wp-json\/wp\/v2\/media?parent=100001"}],"wp:term":[{"taxonomy":"product_brand","embeddable":true,"href":"https:\/\/anacleta.com.ar\/es_es\/wp-json\/wp\/v2\/product_brand?post=100001"},{"taxonomy":"product_cat","embeddable":true,"href":"https:\/\/anacleta.com.ar\/es_es\/wp-json\/wp\/v2\/product_cat?post=100001"},{"taxonomy":"product_tag","embeddable":true,"href":"https:\/\/anacleta.com.ar\/es_es\/wp-json\/wp\/v2\/product_tag?post=100001"}],"curies":[{"name":"wp","href":"https:\/\/api.w.org\/{rel}","templated":true}]}}