{"id":100006,"date":"2025-08-21T10:23:16","date_gmt":"2025-08-21T13:23:16","guid":{"rendered":"https:\/\/anacleta.com.ar\/?post_type=product&#038;p=100006"},"modified":"2026-03-28T14:01:31","modified_gmt":"2026-03-28T17:01:31","slug":"top-marbella","status":"publish","type":"product","link":"https:\/\/anacleta.com.ar\/es_es\/producto\/top-marbella\/","title":{"rendered":"Top Marbella"},"content":{"rendered":"","protected":false},"excerpt":{"rendered":"<p>Top Marbella de hilado fr\u00edo con punto abierto y largo a la cadera. El bajo se completa con una terminaci\u00f3n en tela plana fruncida que aporta volumen y textura. Una prenda sutil con un giro rom\u00e1ntico.<\/p>\n<p>Referencia modelo Sasha: Altura 1,72 Talle: 1<\/p>\n","protected":false},"featured_media":100008,"template":"","meta":[],"product_brand":[480],"product_cat":[492,491,461,181],"product_tag":[112],"class_list":{"0":"post-100006","1":"product","2":"type-product","3":"status-publish","4":"has-post-thumbnail","6":"product_brand-jazmin-chebar","7":"product_cat-2x1","8":"product_cat-flash-market","9":"product_cat-todo-para-chebar","10":"product_cat-tops","11":"product_tag-jazmin-chebar","13":"first","14":"instock","15":"sale","16":"shipping-taxable","17":"purchasable","18":"product-type-variable"},"_links":{"self":[{"href":"https:\/\/anacleta.com.ar\/es_es\/wp-json\/wp\/v2\/product\/100006","targetHints":{"allow":["GET"]}}],"collection":[{"href":"https:\/\/anacleta.com.ar\/es_es\/wp-json\/wp\/v2\/product"}],"about":[{"href":"https:\/\/anacleta.com.ar\/es_es\/wp-json\/wp\/v2\/types\/product"}],"wp:featuredmedia":[{"embeddable":true,"href":"https:\/\/anacleta.com.ar\/es_es\/wp-json\/wp\/v2\/media\/100008"}],"wp:attachment":[{"href":"https:\/\/anacleta.com.ar\/es_es\/wp-json\/wp\/v2\/media?parent=100006"}],"wp:term":[{"taxonomy":"product_brand","embeddable":true,"href":"https:\/\/anacleta.com.ar\/es_es\/wp-json\/wp\/v2\/product_brand?post=100006"},{"taxonomy":"product_cat","embeddable":true,"href":"https:\/\/anacleta.com.ar\/es_es\/wp-json\/wp\/v2\/product_cat?post=100006"},{"taxonomy":"product_tag","embeddable":true,"href":"https:\/\/anacleta.com.ar\/es_es\/wp-json\/wp\/v2\/product_tag?post=100006"}],"curies":[{"name":"wp","href":"https:\/\/api.w.org\/{rel}","templated":true}]}}