{"id":100018,"date":"2025-08-21T10:28:57","date_gmt":"2025-08-21T13:28:57","guid":{"rendered":"https:\/\/anacleta.com.ar\/?post_type=product&#038;p=100018"},"modified":"2025-12-04T11:11:48","modified_gmt":"2025-12-04T14:11:48","slug":"tote-moon-small","status":"publish","type":"product","link":"https:\/\/anacleta.com.ar\/es_es\/producto\/tote-moon-small\/","title":{"rendered":"Tote Moon Small"},"content":{"rendered":"","protected":false},"excerpt":{"rendered":"<p>Tote Moon Small confeccionada en 100% cuero vacuno, con forrer\u00eda y correas tambi\u00e9n en cuero para garantizar durabilidad y una terminaci\u00f3n premium. En su interior incluye un sobre desmontable con cierre para mayor organizaci\u00f3n. Detalles de apliques personalizados JCH a modo ornamental.<\/p>\n<p>Composici\u00f3n: cuerpo: 100% cuero vacuno forrer\u00eda: 100% cuero vacuno correa: 100% cuero vacuno<\/p>\n<p>Medidas: alto 24 cm. Ancho 27 cm. Profundidad 12,5 cm<\/p>\n","protected":false},"featured_media":100019,"template":"","meta":[],"product_brand":[480],"product_cat":[128],"product_tag":[112],"class_list":{"0":"post-100018","1":"product","2":"type-product","3":"status-publish","4":"has-post-thumbnail","6":"product_brand-jazmin-chebar","7":"product_cat-accesorios","8":"product_tag-jazmin-chebar","10":"first","11":"instock","12":"shipping-taxable","13":"purchasable","14":"product-type-simple"},"_links":{"self":[{"href":"https:\/\/anacleta.com.ar\/es_es\/wp-json\/wp\/v2\/product\/100018","targetHints":{"allow":["GET"]}}],"collection":[{"href":"https:\/\/anacleta.com.ar\/es_es\/wp-json\/wp\/v2\/product"}],"about":[{"href":"https:\/\/anacleta.com.ar\/es_es\/wp-json\/wp\/v2\/types\/product"}],"wp:featuredmedia":[{"embeddable":true,"href":"https:\/\/anacleta.com.ar\/es_es\/wp-json\/wp\/v2\/media\/100019"}],"wp:attachment":[{"href":"https:\/\/anacleta.com.ar\/es_es\/wp-json\/wp\/v2\/media?parent=100018"}],"wp:term":[{"taxonomy":"product_brand","embeddable":true,"href":"https:\/\/anacleta.com.ar\/es_es\/wp-json\/wp\/v2\/product_brand?post=100018"},{"taxonomy":"product_cat","embeddable":true,"href":"https:\/\/anacleta.com.ar\/es_es\/wp-json\/wp\/v2\/product_cat?post=100018"},{"taxonomy":"product_tag","embeddable":true,"href":"https:\/\/anacleta.com.ar\/es_es\/wp-json\/wp\/v2\/product_tag?post=100018"}],"curies":[{"name":"wp","href":"https:\/\/api.w.org\/{rel}","templated":true}]}}