{"id":100147,"date":"2025-08-28T10:39:13","date_gmt":"2025-08-28T13:39:13","guid":{"rendered":"https:\/\/anacleta.com.ar\/?post_type=product&#038;p=100147"},"modified":"2026-02-14T10:53:04","modified_gmt":"2026-02-14T13:53:04","slug":"blazer-gimlet","status":"publish","type":"product","link":"https:\/\/anacleta.com.ar\/es_es\/producto\/blazer-gimlet\/","title":{"rendered":"Blazer Gimlet"},"content":{"rendered":"","protected":false},"excerpt":{"rendered":"<p>El Blazer Gimlet est\u00e1 confeccionado en 100% viscosa. De fit slim, largo hasta la segunda cadera, es s\u00faper comfy y vers\u00e1til. Bien fresco, no lleva forrer\u00eda y sus terminaciones est\u00e1n envivadas a tono. Acceso a trav\u00e9s de un bot\u00f3n en frente, detalle de dos bolsillos ojales y pu\u00f1os con 3 botones con logo Ginebra . \u00dasalo tanto para levantar tus looks nocturnos como para un total look relajado de d\u00eda. Si quer\u00e9s lograr un total look monocromo y nochero, te recomendamos combinarlo con el top y pantal\u00f3n Gimlet. Es ese abrigo de verano que resuelve en los d\u00edas un poco frescos.<\/p>\n","protected":false},"featured_media":100151,"template":"","meta":[],"product_brand":[481],"product_cat":[492,477,491],"product_tag":[111],"class_list":{"0":"post-100147","1":"product","2":"type-product","3":"status-publish","4":"has-post-thumbnail","6":"product_brand-ginebra","7":"product_cat-2x1","8":"product_cat-blazer","9":"product_cat-flash-market","10":"product_tag-ginebra","12":"first","13":"instock","14":"shipping-taxable","15":"purchasable","16":"product-type-variable"},"_links":{"self":[{"href":"https:\/\/anacleta.com.ar\/es_es\/wp-json\/wp\/v2\/product\/100147","targetHints":{"allow":["GET"]}}],"collection":[{"href":"https:\/\/anacleta.com.ar\/es_es\/wp-json\/wp\/v2\/product"}],"about":[{"href":"https:\/\/anacleta.com.ar\/es_es\/wp-json\/wp\/v2\/types\/product"}],"wp:featuredmedia":[{"embeddable":true,"href":"https:\/\/anacleta.com.ar\/es_es\/wp-json\/wp\/v2\/media\/100151"}],"wp:attachment":[{"href":"https:\/\/anacleta.com.ar\/es_es\/wp-json\/wp\/v2\/media?parent=100147"}],"wp:term":[{"taxonomy":"product_brand","embeddable":true,"href":"https:\/\/anacleta.com.ar\/es_es\/wp-json\/wp\/v2\/product_brand?post=100147"},{"taxonomy":"product_cat","embeddable":true,"href":"https:\/\/anacleta.com.ar\/es_es\/wp-json\/wp\/v2\/product_cat?post=100147"},{"taxonomy":"product_tag","embeddable":true,"href":"https:\/\/anacleta.com.ar\/es_es\/wp-json\/wp\/v2\/product_tag?post=100147"}],"curies":[{"name":"wp","href":"https:\/\/api.w.org\/{rel}","templated":true}]}}