{"id":100170,"date":"2025-08-28T10:52:46","date_gmt":"2025-08-28T13:52:46","guid":{"rendered":"https:\/\/anacleta.com.ar\/?post_type=product&#038;p=100170"},"modified":"2026-02-14T10:53:30","modified_gmt":"2026-02-14T13:53:30","slug":"pantalon-bora-2","status":"publish","type":"product","link":"https:\/\/anacleta.com.ar\/es_es\/producto\/pantalon-bora-2\/","title":{"rendered":"Pantalon Bora"},"content":{"rendered":"","protected":false},"excerpt":{"rendered":"<p>El Pantal\u00f3n Bora es una de nuestras piezas de sastrer\u00eda de lino cl\u00e1sico. Confeccionado en 100% lino, es fresco y con una ca\u00edda impecable. De corte recto, tiro medio, fit suelto y relajado, es ideal para quienes buscan un look c\u00f3modo pero moderno a la vez. Acceso a trav\u00e9s de cierre de nylon a tono + gancho sastrero y bot\u00f3n interno en su cintura. Detalle de dos pinzas en el frente que le da amplitud y volumen, junto con dos bolsillos para mayor confort, forrados en acetato con logo Ginebra estampado. Disponible en 4 colores para combinar con las distintas partes de arriba de la colecci\u00f3n: tops, chaleco, camisa o blazer, en 100% lino para lograr un total look monocromo. Tiene dos bolsillos ojales en la espalda, y en uno de ellos el logo de la letra G bordada a tono como detalle identitario.<\/p>\n","protected":false},"featured_media":100172,"template":"","meta":[],"product_brand":[481],"product_cat":[492,491,134],"product_tag":[111],"class_list":{"0":"post-100170","1":"product","2":"type-product","3":"status-publish","4":"has-post-thumbnail","6":"product_brand-ginebra","7":"product_cat-2x1","8":"product_cat-flash-market","9":"product_cat-pantalones","10":"product_tag-ginebra","12":"first","13":"instock","14":"shipping-taxable","15":"purchasable","16":"product-type-variable"},"_links":{"self":[{"href":"https:\/\/anacleta.com.ar\/es_es\/wp-json\/wp\/v2\/product\/100170","targetHints":{"allow":["GET"]}}],"collection":[{"href":"https:\/\/anacleta.com.ar\/es_es\/wp-json\/wp\/v2\/product"}],"about":[{"href":"https:\/\/anacleta.com.ar\/es_es\/wp-json\/wp\/v2\/types\/product"}],"wp:featuredmedia":[{"embeddable":true,"href":"https:\/\/anacleta.com.ar\/es_es\/wp-json\/wp\/v2\/media\/100172"}],"wp:attachment":[{"href":"https:\/\/anacleta.com.ar\/es_es\/wp-json\/wp\/v2\/media?parent=100170"}],"wp:term":[{"taxonomy":"product_brand","embeddable":true,"href":"https:\/\/anacleta.com.ar\/es_es\/wp-json\/wp\/v2\/product_brand?post=100170"},{"taxonomy":"product_cat","embeddable":true,"href":"https:\/\/anacleta.com.ar\/es_es\/wp-json\/wp\/v2\/product_cat?post=100170"},{"taxonomy":"product_tag","embeddable":true,"href":"https:\/\/anacleta.com.ar\/es_es\/wp-json\/wp\/v2\/product_tag?post=100170"}],"curies":[{"name":"wp","href":"https:\/\/api.w.org\/{rel}","templated":true}]}}