{"id":100176,"date":"2025-08-28T10:55:11","date_gmt":"2025-08-28T13:55:11","guid":{"rendered":"https:\/\/anacleta.com.ar\/?post_type=product&#038;p=100176"},"modified":"2026-02-14T10:53:40","modified_gmt":"2026-02-14T13:53:40","slug":"pantalon-bora-3","status":"publish","type":"product","link":"https:\/\/anacleta.com.ar\/es_es\/producto\/pantalon-bora-3\/","title":{"rendered":"Pantalon Bora"},"content":{"rendered":"","protected":false},"excerpt":{"rendered":"<p>El Pantal\u00f3n Bora es una de nuestras piezas de sastrer\u00eda de lino cl\u00e1sico. Confeccionado en 100% lino, es fresco y con una ca\u00edda impecable. De corte recto, tiro medio, fit suelto y relajado, es ideal para quienes buscan un look c\u00f3modo pero moderno a la vez. Acceso a trav\u00e9s de cierre de nylon a tono + gancho sastrero y bot\u00f3n interno en su cintura. Detalle de dos pinzas en el frente que le da amplitud y volumen, junto con dos bolsillos para mayor confort, forrados en acetato con logo Ginebra estampado.<\/p>\n","protected":false},"featured_media":100178,"template":"","meta":[],"product_brand":[481],"product_cat":[492,491,134],"product_tag":[111],"class_list":{"0":"post-100176","1":"product","2":"type-product","3":"status-publish","4":"has-post-thumbnail","6":"product_brand-ginebra","7":"product_cat-2x1","8":"product_cat-flash-market","9":"product_cat-pantalones","10":"product_tag-ginebra","12":"first","13":"instock","14":"shipping-taxable","15":"purchasable","16":"product-type-variable"},"_links":{"self":[{"href":"https:\/\/anacleta.com.ar\/es_es\/wp-json\/wp\/v2\/product\/100176","targetHints":{"allow":["GET"]}}],"collection":[{"href":"https:\/\/anacleta.com.ar\/es_es\/wp-json\/wp\/v2\/product"}],"about":[{"href":"https:\/\/anacleta.com.ar\/es_es\/wp-json\/wp\/v2\/types\/product"}],"wp:featuredmedia":[{"embeddable":true,"href":"https:\/\/anacleta.com.ar\/es_es\/wp-json\/wp\/v2\/media\/100178"}],"wp:attachment":[{"href":"https:\/\/anacleta.com.ar\/es_es\/wp-json\/wp\/v2\/media?parent=100176"}],"wp:term":[{"taxonomy":"product_brand","embeddable":true,"href":"https:\/\/anacleta.com.ar\/es_es\/wp-json\/wp\/v2\/product_brand?post=100176"},{"taxonomy":"product_cat","embeddable":true,"href":"https:\/\/anacleta.com.ar\/es_es\/wp-json\/wp\/v2\/product_cat?post=100176"},{"taxonomy":"product_tag","embeddable":true,"href":"https:\/\/anacleta.com.ar\/es_es\/wp-json\/wp\/v2\/product_tag?post=100176"}],"curies":[{"name":"wp","href":"https:\/\/api.w.org\/{rel}","templated":true}]}}