{"id":100214,"date":"2025-08-28T11:22:42","date_gmt":"2025-08-28T14:22:42","guid":{"rendered":"https:\/\/anacleta.com.ar\/?post_type=product&#038;p=100214"},"modified":"2026-02-14T10:54:23","modified_gmt":"2026-02-14T13:54:23","slug":"pantalon-africa","status":"publish","type":"product","link":"https:\/\/anacleta.com.ar\/es_es\/producto\/pantalon-africa\/","title":{"rendered":"Pantalon Africa"},"content":{"rendered":"","protected":false},"excerpt":{"rendered":"<p>El Pantal\u00f3n Africa, de r\u00fastico de algod\u00f3n peruano, es de calce relajado, de tiro medio y largo a los talones. Cuenta con cintura de rib con el\u00e1stico interno para un calce m\u00e1s c\u00f3modo, jareta regulable con cord\u00f3n de algod\u00f3n con punteras personalizadas y bolsillos laterales tipo americanos. Tiene print posicional a tono en espalda. Detalle de bolsillos cargos en ambos laterales. Presenta un bordado a tono en el frente de la prenda y una etiqueta bordada como distintivo. Lleva un proceso de l\u00e1vado artesanal en prenda para un look vintage, que puede variar en cada prenda. La prenda ideal para un look casual pero canchero.<br \/>\n<em>Referencia modelo: Altura 1,80 Talle 1<\/em><\/p>\n","protected":false},"featured_media":100218,"template":"","meta":[],"product_brand":[481],"product_cat":[492,491,134],"product_tag":[111],"class_list":{"0":"post-100214","1":"product","2":"type-product","3":"status-publish","4":"has-post-thumbnail","6":"product_brand-ginebra","7":"product_cat-2x1","8":"product_cat-flash-market","9":"product_cat-pantalones","10":"product_tag-ginebra","12":"first","13":"instock","14":"shipping-taxable","15":"purchasable","16":"product-type-variable"},"_links":{"self":[{"href":"https:\/\/anacleta.com.ar\/es_es\/wp-json\/wp\/v2\/product\/100214","targetHints":{"allow":["GET"]}}],"collection":[{"href":"https:\/\/anacleta.com.ar\/es_es\/wp-json\/wp\/v2\/product"}],"about":[{"href":"https:\/\/anacleta.com.ar\/es_es\/wp-json\/wp\/v2\/types\/product"}],"wp:featuredmedia":[{"embeddable":true,"href":"https:\/\/anacleta.com.ar\/es_es\/wp-json\/wp\/v2\/media\/100218"}],"wp:attachment":[{"href":"https:\/\/anacleta.com.ar\/es_es\/wp-json\/wp\/v2\/media?parent=100214"}],"wp:term":[{"taxonomy":"product_brand","embeddable":true,"href":"https:\/\/anacleta.com.ar\/es_es\/wp-json\/wp\/v2\/product_brand?post=100214"},{"taxonomy":"product_cat","embeddable":true,"href":"https:\/\/anacleta.com.ar\/es_es\/wp-json\/wp\/v2\/product_cat?post=100214"},{"taxonomy":"product_tag","embeddable":true,"href":"https:\/\/anacleta.com.ar\/es_es\/wp-json\/wp\/v2\/product_tag?post=100214"}],"curies":[{"name":"wp","href":"https:\/\/api.w.org\/{rel}","templated":true}]}}