{"id":100229,"date":"2025-08-28T11:30:14","date_gmt":"2025-08-28T14:30:14","guid":{"rendered":"https:\/\/anacleta.com.ar\/?post_type=product&#038;p=100229"},"modified":"2026-02-14T10:54:42","modified_gmt":"2026-02-14T13:54:42","slug":"chaleco-copacabana-2","status":"publish","type":"product","link":"https:\/\/anacleta.com.ar\/es_es\/producto\/chaleco-copacabana-2\/","title":{"rendered":"Chaleco Copacabana"},"content":{"rendered":"","protected":false},"excerpt":{"rendered":"<p>El Chaleco Copacabanna est\u00e1 confeccionado en 100% lino. Fit al cuerpo, escote en V y acceso a trav\u00e9s de 4 botones a tono con logo Ginebra. Est\u00e1 pensado para usarse como primera piel (top) logrando un outfit sastrero. Largo en punta, hasta la primera cadera y detalle de lazo de la misma tela en la espalda con regulador para ajustar. Detalle de logo G bordado a tono en uno de sus bolsillos ojales del frente. Est\u00e1 forrado en acetato personalizado, para mejor adaptabilidad al cuerpo. Es una prenda trendy, vers\u00e1til y fresca para los d\u00edas de verano.<\/p>\n","protected":false},"featured_media":100232,"template":"","meta":[],"product_brand":[481],"product_cat":[492,491,148],"product_tag":[111],"class_list":{"0":"post-100229","1":"product","2":"type-product","3":"status-publish","4":"has-post-thumbnail","6":"product_brand-ginebra","7":"product_cat-2x1","8":"product_cat-flash-market","9":"product_cat-sacos-y-camperas","10":"product_tag-ginebra","12":"first","13":"instock","14":"shipping-taxable","15":"purchasable","16":"product-type-variable"},"_links":{"self":[{"href":"https:\/\/anacleta.com.ar\/es_es\/wp-json\/wp\/v2\/product\/100229","targetHints":{"allow":["GET"]}}],"collection":[{"href":"https:\/\/anacleta.com.ar\/es_es\/wp-json\/wp\/v2\/product"}],"about":[{"href":"https:\/\/anacleta.com.ar\/es_es\/wp-json\/wp\/v2\/types\/product"}],"wp:featuredmedia":[{"embeddable":true,"href":"https:\/\/anacleta.com.ar\/es_es\/wp-json\/wp\/v2\/media\/100232"}],"wp:attachment":[{"href":"https:\/\/anacleta.com.ar\/es_es\/wp-json\/wp\/v2\/media?parent=100229"}],"wp:term":[{"taxonomy":"product_brand","embeddable":true,"href":"https:\/\/anacleta.com.ar\/es_es\/wp-json\/wp\/v2\/product_brand?post=100229"},{"taxonomy":"product_cat","embeddable":true,"href":"https:\/\/anacleta.com.ar\/es_es\/wp-json\/wp\/v2\/product_cat?post=100229"},{"taxonomy":"product_tag","embeddable":true,"href":"https:\/\/anacleta.com.ar\/es_es\/wp-json\/wp\/v2\/product_tag?post=100229"}],"curies":[{"name":"wp","href":"https:\/\/api.w.org\/{rel}","templated":true}]}}