{"id":100254,"date":"2025-08-28T11:44:44","date_gmt":"2025-08-28T14:44:44","guid":{"rendered":"https:\/\/anacleta.com.ar\/?post_type=product&#038;p=100254"},"modified":"2026-02-14T10:55:12","modified_gmt":"2026-02-14T13:55:12","slug":"buzo-champagne","status":"publish","type":"product","link":"https:\/\/anacleta.com.ar\/es_es\/producto\/buzo-champagne\/","title":{"rendered":"Buzo Champagne"},"content":{"rendered":"","protected":false},"excerpt":{"rendered":"<p>El Buzo Champagne, de r\u00fastico de algod\u00f3n peruano, es de calce oversize, escote a la base y manga larga ancha con pu\u00f1os. Presenta ruedo con terminaci\u00f3n al corte para un efecto descontracturado. Lleva estampa posicional y bordado en frente. Esta prenda lleva un proceso de l\u00e1vado artesanal que puede variar en cada prenda. Ideal para un look cozy de todos los d\u00edas.<\/p>\n","protected":false},"featured_media":100259,"template":"","meta":[],"product_brand":[481],"product_cat":[492,150,491],"product_tag":[111],"class_list":{"0":"post-100254","1":"product","2":"type-product","3":"status-publish","4":"has-post-thumbnail","6":"product_brand-ginebra","7":"product_cat-2x1","8":"product_cat-buzos","9":"product_cat-flash-market","10":"product_tag-ginebra","12":"first","13":"instock","14":"shipping-taxable","15":"purchasable","16":"product-type-variable"},"_links":{"self":[{"href":"https:\/\/anacleta.com.ar\/es_es\/wp-json\/wp\/v2\/product\/100254","targetHints":{"allow":["GET"]}}],"collection":[{"href":"https:\/\/anacleta.com.ar\/es_es\/wp-json\/wp\/v2\/product"}],"about":[{"href":"https:\/\/anacleta.com.ar\/es_es\/wp-json\/wp\/v2\/types\/product"}],"wp:featuredmedia":[{"embeddable":true,"href":"https:\/\/anacleta.com.ar\/es_es\/wp-json\/wp\/v2\/media\/100259"}],"wp:attachment":[{"href":"https:\/\/anacleta.com.ar\/es_es\/wp-json\/wp\/v2\/media?parent=100254"}],"wp:term":[{"taxonomy":"product_brand","embeddable":true,"href":"https:\/\/anacleta.com.ar\/es_es\/wp-json\/wp\/v2\/product_brand?post=100254"},{"taxonomy":"product_cat","embeddable":true,"href":"https:\/\/anacleta.com.ar\/es_es\/wp-json\/wp\/v2\/product_cat?post=100254"},{"taxonomy":"product_tag","embeddable":true,"href":"https:\/\/anacleta.com.ar\/es_es\/wp-json\/wp\/v2\/product_tag?post=100254"}],"curies":[{"name":"wp","href":"https:\/\/api.w.org\/{rel}","templated":true}]}}