{"id":100358,"date":"2025-08-29T18:12:54","date_gmt":"2025-08-29T21:12:54","guid":{"rendered":"https:\/\/anacleta.com.ar\/?post_type=product&#038;p=100358"},"modified":"2026-03-28T14:02:42","modified_gmt":"2026-03-28T17:02:42","slug":"buzo-susi","status":"publish","type":"product","link":"https:\/\/anacleta.com.ar\/es_es\/producto\/buzo-susi\/","title":{"rendered":"Buzo Susi"},"content":{"rendered":"","protected":false},"excerpt":{"rendered":"<p>Buzo Susi est\u00e1 confeccionado en tela de punto con lurex que le aporta brillo sutil. De mangas largas, termina con pu\u00f1os en tela complemento para un mejor ajuste. El escote redondo tambi\u00e9n se realza con detalle en tela complemento, logrando un look casual y sofisticado a la vez.<\/p>\n<p>Composici\u00f3n: 95% algod\u00f3n 5% metal 95% algod\u00f3n 5% elastano<\/p>\n<p>Referencia modelo Sasha: Altura 1,72 Talle: 1<\/p>\n","protected":false},"featured_media":100361,"template":"","meta":[],"product_brand":[480],"product_cat":[492,150,491,461],"product_tag":[112],"class_list":{"0":"post-100358","1":"product","2":"type-product","3":"status-publish","4":"has-post-thumbnail","6":"product_brand-jazmin-chebar","7":"product_cat-2x1","8":"product_cat-buzos","9":"product_cat-flash-market","10":"product_cat-todo-para-chebar","11":"product_tag-jazmin-chebar","13":"first","14":"instock","15":"sale","16":"shipping-taxable","17":"purchasable","18":"product-type-variable"},"_links":{"self":[{"href":"https:\/\/anacleta.com.ar\/es_es\/wp-json\/wp\/v2\/product\/100358","targetHints":{"allow":["GET"]}}],"collection":[{"href":"https:\/\/anacleta.com.ar\/es_es\/wp-json\/wp\/v2\/product"}],"about":[{"href":"https:\/\/anacleta.com.ar\/es_es\/wp-json\/wp\/v2\/types\/product"}],"wp:featuredmedia":[{"embeddable":true,"href":"https:\/\/anacleta.com.ar\/es_es\/wp-json\/wp\/v2\/media\/100361"}],"wp:attachment":[{"href":"https:\/\/anacleta.com.ar\/es_es\/wp-json\/wp\/v2\/media?parent=100358"}],"wp:term":[{"taxonomy":"product_brand","embeddable":true,"href":"https:\/\/anacleta.com.ar\/es_es\/wp-json\/wp\/v2\/product_brand?post=100358"},{"taxonomy":"product_cat","embeddable":true,"href":"https:\/\/anacleta.com.ar\/es_es\/wp-json\/wp\/v2\/product_cat?post=100358"},{"taxonomy":"product_tag","embeddable":true,"href":"https:\/\/anacleta.com.ar\/es_es\/wp-json\/wp\/v2\/product_tag?post=100358"}],"curies":[{"name":"wp","href":"https:\/\/api.w.org\/{rel}","templated":true}]}}