{"id":100395,"date":"2025-08-29T18:29:20","date_gmt":"2025-08-29T21:29:20","guid":{"rendered":"https:\/\/anacleta.com.ar\/?post_type=product&#038;p=100395"},"modified":"2026-03-31T18:33:57","modified_gmt":"2026-03-31T21:33:57","slug":"pantalon-susi","status":"publish","type":"product","link":"https:\/\/anacleta.com.ar\/es_es\/producto\/pantalon-susi\/","title":{"rendered":"Pantalon Susi"},"content":{"rendered":"","protected":false},"excerpt":{"rendered":"<p>Pantal\u00f3n Susi est\u00e1 confeccionado en tela de punto con lurex, lo que le da un brillo sutil y elegante. Lleva cintura elastizada para mayor comodidad y piernas amplias que crean un calce relajado y sofisticado.<\/p>\n<p>Composici\u00f3n: 95% algod\u00f3n, 5% metal 95% algod\u00f3n, 5% elastano<\/p>\n<p>Referencia modelo Sasha: Altura 1,72 Talle: 1<\/p>\n","protected":false},"featured_media":100398,"template":"","meta":[],"product_brand":[480],"product_cat":[492,491,134,461],"product_tag":[112],"class_list":{"0":"post-100395","1":"product","2":"type-product","3":"status-publish","4":"has-post-thumbnail","6":"product_brand-jazmin-chebar","7":"product_cat-2x1","8":"product_cat-flash-market","9":"product_cat-pantalones","10":"product_cat-todo-para-chebar","11":"product_tag-jazmin-chebar","13":"first","14":"instock","15":"sale","16":"shipping-taxable","17":"purchasable","18":"product-type-variable"},"_links":{"self":[{"href":"https:\/\/anacleta.com.ar\/es_es\/wp-json\/wp\/v2\/product\/100395","targetHints":{"allow":["GET"]}}],"collection":[{"href":"https:\/\/anacleta.com.ar\/es_es\/wp-json\/wp\/v2\/product"}],"about":[{"href":"https:\/\/anacleta.com.ar\/es_es\/wp-json\/wp\/v2\/types\/product"}],"wp:featuredmedia":[{"embeddable":true,"href":"https:\/\/anacleta.com.ar\/es_es\/wp-json\/wp\/v2\/media\/100398"}],"wp:attachment":[{"href":"https:\/\/anacleta.com.ar\/es_es\/wp-json\/wp\/v2\/media?parent=100395"}],"wp:term":[{"taxonomy":"product_brand","embeddable":true,"href":"https:\/\/anacleta.com.ar\/es_es\/wp-json\/wp\/v2\/product_brand?post=100395"},{"taxonomy":"product_cat","embeddable":true,"href":"https:\/\/anacleta.com.ar\/es_es\/wp-json\/wp\/v2\/product_cat?post=100395"},{"taxonomy":"product_tag","embeddable":true,"href":"https:\/\/anacleta.com.ar\/es_es\/wp-json\/wp\/v2\/product_tag?post=100395"}],"curies":[{"name":"wp","href":"https:\/\/api.w.org\/{rel}","templated":true}]}}