{"id":100416,"date":"2025-08-29T18:43:25","date_gmt":"2025-08-29T21:43:25","guid":{"rendered":"https:\/\/anacleta.com.ar\/?post_type=product&#038;p=100416"},"modified":"2025-12-05T17:40:12","modified_gmt":"2025-12-05T20:40:12","slug":"jeans-mary-sun","status":"publish","type":"product","link":"https:\/\/anacleta.com.ar\/es_es\/producto\/jeans-mary-sun\/","title":{"rendered":"Jeans Mary Sun"},"content":{"rendered":"","protected":false},"excerpt":{"rendered":"<p>Jeans Mary Sun wide leg con silueta m\u00e1s recta y menos amplia que el modelo Roses. Confeccionado en tejido que incluye una peque\u00f1a proporci\u00f3n de lycra, lo que mejora el calce sin perder estructura.<\/p>\n<p>Composici\u00f3n: 99% algod\u00f3n, 1% elastano<\/p>\n<p>Referencia modelo Delfina: Altura 1,74 Talle: 1<\/p>\n","protected":false},"featured_media":100423,"template":"","meta":[],"product_brand":[480],"product_cat":[126,134],"product_tag":[112],"class_list":{"0":"post-100416","1":"product","2":"type-product","3":"status-publish","4":"has-post-thumbnail","6":"product_brand-jazmin-chebar","7":"product_cat-denim","8":"product_cat-pantalones","9":"product_tag-jazmin-chebar","11":"first","12":"instock","13":"shipping-taxable","14":"purchasable","15":"product-type-variable"},"_links":{"self":[{"href":"https:\/\/anacleta.com.ar\/es_es\/wp-json\/wp\/v2\/product\/100416","targetHints":{"allow":["GET"]}}],"collection":[{"href":"https:\/\/anacleta.com.ar\/es_es\/wp-json\/wp\/v2\/product"}],"about":[{"href":"https:\/\/anacleta.com.ar\/es_es\/wp-json\/wp\/v2\/types\/product"}],"wp:featuredmedia":[{"embeddable":true,"href":"https:\/\/anacleta.com.ar\/es_es\/wp-json\/wp\/v2\/media\/100423"}],"wp:attachment":[{"href":"https:\/\/anacleta.com.ar\/es_es\/wp-json\/wp\/v2\/media?parent=100416"}],"wp:term":[{"taxonomy":"product_brand","embeddable":true,"href":"https:\/\/anacleta.com.ar\/es_es\/wp-json\/wp\/v2\/product_brand?post=100416"},{"taxonomy":"product_cat","embeddable":true,"href":"https:\/\/anacleta.com.ar\/es_es\/wp-json\/wp\/v2\/product_cat?post=100416"},{"taxonomy":"product_tag","embeddable":true,"href":"https:\/\/anacleta.com.ar\/es_es\/wp-json\/wp\/v2\/product_tag?post=100416"}],"curies":[{"name":"wp","href":"https:\/\/api.w.org\/{rel}","templated":true}]}}