{"id":100428,"date":"2025-08-29T19:23:08","date_gmt":"2025-08-29T22:23:08","guid":{"rendered":"https:\/\/anacleta.com.ar\/?post_type=product&#038;p=100428"},"modified":"2025-12-04T11:11:14","modified_gmt":"2025-12-04T14:11:14","slug":"jeans-wide-x-magic","status":"publish","type":"product","link":"https:\/\/anacleta.com.ar\/es_es\/producto\/jeans-wide-x-magic\/","title":{"rendered":"Jeans Wide X Magic"},"content":{"rendered":"","protected":false},"excerpt":{"rendered":"<p>Jeans Wide X Magic de calce wide leg cropped, confeccionado en denim con un lavado azul cl\u00e1sico y desgastes. Incluye un coating transparente que le aporta una textura simil cuero, dejando ver los matices del lavado por debajo. De fit relajado, tambi\u00e9n puede usarse m\u00e1s ajustados en la cadera al elegir un talle m\u00e1s chico.<\/p>\n<p>Composici\u00f3n: 75% algod\u00f3n 25% liocell.<\/p>\n<p>Referencia modelo Florencia: Altura 1,74 Talle: 1<\/p>\n","protected":false},"featured_media":100433,"template":"","meta":[],"product_brand":[480],"product_cat":[126,134],"product_tag":[112],"class_list":{"0":"post-100428","1":"product","2":"type-product","3":"status-publish","4":"has-post-thumbnail","6":"product_brand-jazmin-chebar","7":"product_cat-denim","8":"product_cat-pantalones","9":"product_tag-jazmin-chebar","11":"first","12":"instock","13":"shipping-taxable","14":"purchasable","15":"product-type-variable"},"_links":{"self":[{"href":"https:\/\/anacleta.com.ar\/es_es\/wp-json\/wp\/v2\/product\/100428","targetHints":{"allow":["GET"]}}],"collection":[{"href":"https:\/\/anacleta.com.ar\/es_es\/wp-json\/wp\/v2\/product"}],"about":[{"href":"https:\/\/anacleta.com.ar\/es_es\/wp-json\/wp\/v2\/types\/product"}],"wp:featuredmedia":[{"embeddable":true,"href":"https:\/\/anacleta.com.ar\/es_es\/wp-json\/wp\/v2\/media\/100433"}],"wp:attachment":[{"href":"https:\/\/anacleta.com.ar\/es_es\/wp-json\/wp\/v2\/media?parent=100428"}],"wp:term":[{"taxonomy":"product_brand","embeddable":true,"href":"https:\/\/anacleta.com.ar\/es_es\/wp-json\/wp\/v2\/product_brand?post=100428"},{"taxonomy":"product_cat","embeddable":true,"href":"https:\/\/anacleta.com.ar\/es_es\/wp-json\/wp\/v2\/product_cat?post=100428"},{"taxonomy":"product_tag","embeddable":true,"href":"https:\/\/anacleta.com.ar\/es_es\/wp-json\/wp\/v2\/product_tag?post=100428"}],"curies":[{"name":"wp","href":"https:\/\/api.w.org\/{rel}","templated":true}]}}