{"id":100464,"date":"2025-08-30T10:45:33","date_gmt":"2025-08-30T13:45:33","guid":{"rendered":"https:\/\/anacleta.com.ar\/?post_type=product&#038;p=100464"},"modified":"2025-12-04T11:11:06","modified_gmt":"2025-12-04T14:11:06","slug":"pollera-fantastic","status":"publish","type":"product","link":"https:\/\/anacleta.com.ar\/es_es\/producto\/pollera-fantastic\/","title":{"rendered":"Pollera Fantastic"},"content":{"rendered":"","protected":false},"excerpt":{"rendered":"<p>Pollera Fantastic larga confeccionada en viscosa estampada, con dise\u00f1o especial de esta temporada. El acceso es a trav\u00e9s de cord\u00f3n de tela base que se anuda a la cintura y bot\u00f3n interno transparente. Lleva forreria color nude.<\/p>\n<p>Composici\u00f3n: 80% Algod\u00f3n 20% Seda<\/p>\n<p>Referencia modelo Florencia: Altura 1,74 Talle: 1<\/p>\n","protected":false},"featured_media":100466,"template":"","meta":[],"product_brand":[480],"product_cat":[130],"product_tag":[112],"class_list":{"0":"post-100464","1":"product","2":"type-product","3":"status-publish","4":"has-post-thumbnail","6":"product_brand-jazmin-chebar","7":"product_cat-vestidos-y-faldas","8":"product_tag-jazmin-chebar","10":"first","11":"instock","12":"shipping-taxable","13":"purchasable","14":"product-type-variable"},"_links":{"self":[{"href":"https:\/\/anacleta.com.ar\/es_es\/wp-json\/wp\/v2\/product\/100464","targetHints":{"allow":["GET"]}}],"collection":[{"href":"https:\/\/anacleta.com.ar\/es_es\/wp-json\/wp\/v2\/product"}],"about":[{"href":"https:\/\/anacleta.com.ar\/es_es\/wp-json\/wp\/v2\/types\/product"}],"wp:featuredmedia":[{"embeddable":true,"href":"https:\/\/anacleta.com.ar\/es_es\/wp-json\/wp\/v2\/media\/100466"}],"wp:attachment":[{"href":"https:\/\/anacleta.com.ar\/es_es\/wp-json\/wp\/v2\/media?parent=100464"}],"wp:term":[{"taxonomy":"product_brand","embeddable":true,"href":"https:\/\/anacleta.com.ar\/es_es\/wp-json\/wp\/v2\/product_brand?post=100464"},{"taxonomy":"product_cat","embeddable":true,"href":"https:\/\/anacleta.com.ar\/es_es\/wp-json\/wp\/v2\/product_cat?post=100464"},{"taxonomy":"product_tag","embeddable":true,"href":"https:\/\/anacleta.com.ar\/es_es\/wp-json\/wp\/v2\/product_tag?post=100464"}],"curies":[{"name":"wp","href":"https:\/\/api.w.org\/{rel}","templated":true}]}}