{"id":100539,"date":"2025-08-30T12:04:19","date_gmt":"2025-08-30T15:04:19","guid":{"rendered":"https:\/\/anacleta.com.ar\/?post_type=product&#038;p=100539"},"modified":"2026-03-31T18:37:01","modified_gmt":"2026-03-31T21:37:01","slug":"sandalia-praga","status":"publish","type":"product","link":"https:\/\/anacleta.com.ar\/es_es\/producto\/sandalia-praga\/","title":{"rendered":"Sandalia Praga"},"content":{"rendered":"","protected":false},"excerpt":{"rendered":"<p>Sandalia Praga est\u00e1 confeccionada en cuero vacuno flor. Lleva una hebilla met\u00e1lica en la capellada y en el tal\u00f3n suma una tira con cierre de velcro para un acceso r\u00e1pido y c\u00f3modo. Un dise\u00f1o pr\u00e1ctico con estilo minimalista.<\/p>\n<p>Composici\u00f3n: Capellada: 100% cuero vacuno flor Forrer\u00eda: 100% cuero vacuno flor Suela: 100% pu<\/p>\n<p>Medidas: taco: 3 cm<\/p>\n","protected":false},"featured_media":100543,"template":"","meta":[],"product_brand":[480],"product_cat":[492,281,491,461],"product_tag":[112],"class_list":{"0":"post-100539","1":"product","2":"type-product","3":"status-publish","4":"has-post-thumbnail","6":"product_brand-jazmin-chebar","7":"product_cat-2x1","8":"product_cat-calzado","9":"product_cat-flash-market","10":"product_cat-todo-para-chebar","11":"product_tag-jazmin-chebar","13":"first","14":"instock","15":"sale","16":"shipping-taxable","17":"purchasable","18":"product-type-variable"},"_links":{"self":[{"href":"https:\/\/anacleta.com.ar\/es_es\/wp-json\/wp\/v2\/product\/100539","targetHints":{"allow":["GET"]}}],"collection":[{"href":"https:\/\/anacleta.com.ar\/es_es\/wp-json\/wp\/v2\/product"}],"about":[{"href":"https:\/\/anacleta.com.ar\/es_es\/wp-json\/wp\/v2\/types\/product"}],"wp:featuredmedia":[{"embeddable":true,"href":"https:\/\/anacleta.com.ar\/es_es\/wp-json\/wp\/v2\/media\/100543"}],"wp:attachment":[{"href":"https:\/\/anacleta.com.ar\/es_es\/wp-json\/wp\/v2\/media?parent=100539"}],"wp:term":[{"taxonomy":"product_brand","embeddable":true,"href":"https:\/\/anacleta.com.ar\/es_es\/wp-json\/wp\/v2\/product_brand?post=100539"},{"taxonomy":"product_cat","embeddable":true,"href":"https:\/\/anacleta.com.ar\/es_es\/wp-json\/wp\/v2\/product_cat?post=100539"},{"taxonomy":"product_tag","embeddable":true,"href":"https:\/\/anacleta.com.ar\/es_es\/wp-json\/wp\/v2\/product_tag?post=100539"}],"curies":[{"name":"wp","href":"https:\/\/api.w.org\/{rel}","templated":true}]}}