{"id":100551,"date":"2025-08-30T12:40:04","date_gmt":"2025-08-30T15:40:04","guid":{"rendered":"https:\/\/anacleta.com.ar\/?post_type=product&#038;p=100551"},"modified":"2025-12-03T20:49:06","modified_gmt":"2025-12-03T23:49:06","slug":"zapatilla-oporto","status":"publish","type":"product","link":"https:\/\/anacleta.com.ar\/es_es\/producto\/zapatilla-oporto\/","title":{"rendered":"Zapatilla Oporto"},"content":{"rendered":"","protected":false},"excerpt":{"rendered":"<p>Zapatilla Oporto confeccionada en cuero vacuno, con recortes en cuero descarne que aportan contraste y textura. Lleva doble cord\u00f3n y detalles de charms colgantes que suman un toque distintivo. El interior est\u00e1 forrado<\/p>\n<p>Composici\u00f3n: capellada: 100% cuero vacuno. Forrer\u00eda: 60% algod\u00f3n 40% poli\u00e9ster. Suela: 100% tr<\/p>\n<p>Medidas: altura de suela 1,5 cm<\/p>\n","protected":false},"featured_media":100554,"template":"","meta":[],"product_brand":[480],"product_cat":[281],"product_tag":[112],"class_list":{"0":"post-100551","1":"product","2":"type-product","3":"status-publish","4":"has-post-thumbnail","6":"product_brand-jazmin-chebar","7":"product_cat-calzado","8":"product_tag-jazmin-chebar","10":"first","11":"instock","12":"shipping-taxable","13":"purchasable","14":"product-type-variable"},"_links":{"self":[{"href":"https:\/\/anacleta.com.ar\/es_es\/wp-json\/wp\/v2\/product\/100551","targetHints":{"allow":["GET"]}}],"collection":[{"href":"https:\/\/anacleta.com.ar\/es_es\/wp-json\/wp\/v2\/product"}],"about":[{"href":"https:\/\/anacleta.com.ar\/es_es\/wp-json\/wp\/v2\/types\/product"}],"wp:featuredmedia":[{"embeddable":true,"href":"https:\/\/anacleta.com.ar\/es_es\/wp-json\/wp\/v2\/media\/100554"}],"wp:attachment":[{"href":"https:\/\/anacleta.com.ar\/es_es\/wp-json\/wp\/v2\/media?parent=100551"}],"wp:term":[{"taxonomy":"product_brand","embeddable":true,"href":"https:\/\/anacleta.com.ar\/es_es\/wp-json\/wp\/v2\/product_brand?post=100551"},{"taxonomy":"product_cat","embeddable":true,"href":"https:\/\/anacleta.com.ar\/es_es\/wp-json\/wp\/v2\/product_cat?post=100551"},{"taxonomy":"product_tag","embeddable":true,"href":"https:\/\/anacleta.com.ar\/es_es\/wp-json\/wp\/v2\/product_tag?post=100551"}],"curies":[{"name":"wp","href":"https:\/\/api.w.org\/{rel}","templated":true}]}}