{"id":100575,"date":"2025-08-30T12:50:40","date_gmt":"2025-08-30T15:50:40","guid":{"rendered":"https:\/\/anacleta.com.ar\/?post_type=product&#038;p=100575"},"modified":"2026-03-31T18:36:27","modified_gmt":"2026-03-31T21:36:27","slug":"cinturon-valencia","status":"publish","type":"product","link":"https:\/\/anacleta.com.ar\/es_es\/producto\/cinturon-valencia\/","title":{"rendered":"Cinturon Valencia"},"content":{"rendered":"","protected":false},"excerpt":{"rendered":"<p>Cintur\u00f3n Valencia Wild confeccionado en cuero pelo vacuno con forrer\u00eda en cuero flor. Su dise\u00f1o regulable permite ajustarlo a distintos tama\u00f1os gracias a la hebilla met\u00e1lica, que se complementa con pasador y puntera del mismo acabado.<\/p>\n<p>Composici\u00f3n: Lonja: 100% cuero pelo vacuno Forrer\u00eda: 100% cuero vacuno flor<\/p>\n<p>Medidas: ancho de lonja 1,5 cm<\/p>\n","protected":false},"featured_media":100580,"template":"","meta":[],"product_brand":[480],"product_cat":[492,128,491,461],"product_tag":[112],"class_list":{"0":"post-100575","1":"product","2":"type-product","3":"status-publish","4":"has-post-thumbnail","6":"product_brand-jazmin-chebar","7":"product_cat-2x1","8":"product_cat-accesorios","9":"product_cat-flash-market","10":"product_cat-todo-para-chebar","11":"product_tag-jazmin-chebar","13":"first","14":"instock","15":"sale","16":"shipping-taxable","17":"purchasable","18":"product-type-variable"},"_links":{"self":[{"href":"https:\/\/anacleta.com.ar\/es_es\/wp-json\/wp\/v2\/product\/100575","targetHints":{"allow":["GET"]}}],"collection":[{"href":"https:\/\/anacleta.com.ar\/es_es\/wp-json\/wp\/v2\/product"}],"about":[{"href":"https:\/\/anacleta.com.ar\/es_es\/wp-json\/wp\/v2\/types\/product"}],"wp:featuredmedia":[{"embeddable":true,"href":"https:\/\/anacleta.com.ar\/es_es\/wp-json\/wp\/v2\/media\/100580"}],"wp:attachment":[{"href":"https:\/\/anacleta.com.ar\/es_es\/wp-json\/wp\/v2\/media?parent=100575"}],"wp:term":[{"taxonomy":"product_brand","embeddable":true,"href":"https:\/\/anacleta.com.ar\/es_es\/wp-json\/wp\/v2\/product_brand?post=100575"},{"taxonomy":"product_cat","embeddable":true,"href":"https:\/\/anacleta.com.ar\/es_es\/wp-json\/wp\/v2\/product_cat?post=100575"},{"taxonomy":"product_tag","embeddable":true,"href":"https:\/\/anacleta.com.ar\/es_es\/wp-json\/wp\/v2\/product_tag?post=100575"}],"curies":[{"name":"wp","href":"https:\/\/api.w.org\/{rel}","templated":true}]}}