{"id":100635,"date":"2025-09-03T20:00:57","date_gmt":"2025-09-03T23:00:57","guid":{"rendered":"https:\/\/anacleta.com.ar\/?post_type=product&#038;p=100635"},"modified":"2026-02-14T10:55:32","modified_gmt":"2026-02-14T13:55:32","slug":"bermuda-caipi-2","status":"publish","type":"product","link":"https:\/\/anacleta.com.ar\/es_es\/producto\/bermuda-caipi-2\/","title":{"rendered":"Bermuda Caipi"},"content":{"rendered":"","protected":false},"excerpt":{"rendered":"<p>La Bermuda Caipi es una de nuestras piezas de sastrer\u00eda de lino cl\u00e1sico. Confeccionada en 100% lino, es fresca y con una ca\u00edda impecable. Fit recto, dos pinzas en el frente que le da amplitud y volumen, junto con dos bolsillos para mayor confort, forrados en acetato con logo Ginebra.. Acceso a trav\u00e9s de cierre de nylon a tono + gancho sastrero y bot\u00f3n interno en su cintura. Como detalle identitario, posee logo de G bordada en uno de los bolsillos ojales de la espalda.<\/p>\n","protected":false},"featured_media":100638,"template":"","meta":[],"product_brand":[481],"product_cat":[492,491,274],"product_tag":[111],"class_list":{"0":"post-100635","1":"product","2":"type-product","3":"status-publish","4":"has-post-thumbnail","6":"product_brand-ginebra","7":"product_cat-2x1","8":"product_cat-flash-market","9":"product_cat-shorts","10":"product_tag-ginebra","12":"first","13":"instock","14":"shipping-taxable","15":"purchasable","16":"product-type-variable"},"_links":{"self":[{"href":"https:\/\/anacleta.com.ar\/es_es\/wp-json\/wp\/v2\/product\/100635","targetHints":{"allow":["GET"]}}],"collection":[{"href":"https:\/\/anacleta.com.ar\/es_es\/wp-json\/wp\/v2\/product"}],"about":[{"href":"https:\/\/anacleta.com.ar\/es_es\/wp-json\/wp\/v2\/types\/product"}],"wp:featuredmedia":[{"embeddable":true,"href":"https:\/\/anacleta.com.ar\/es_es\/wp-json\/wp\/v2\/media\/100638"}],"wp:attachment":[{"href":"https:\/\/anacleta.com.ar\/es_es\/wp-json\/wp\/v2\/media?parent=100635"}],"wp:term":[{"taxonomy":"product_brand","embeddable":true,"href":"https:\/\/anacleta.com.ar\/es_es\/wp-json\/wp\/v2\/product_brand?post=100635"},{"taxonomy":"product_cat","embeddable":true,"href":"https:\/\/anacleta.com.ar\/es_es\/wp-json\/wp\/v2\/product_cat?post=100635"},{"taxonomy":"product_tag","embeddable":true,"href":"https:\/\/anacleta.com.ar\/es_es\/wp-json\/wp\/v2\/product_tag?post=100635"}],"curies":[{"name":"wp","href":"https:\/\/api.w.org\/{rel}","templated":true}]}}