{"id":100656,"date":"2025-09-03T20:25:50","date_gmt":"2025-09-03T23:25:50","guid":{"rendered":"https:\/\/anacleta.com.ar\/?post_type=product&#038;p=100656"},"modified":"2026-02-14T10:55:53","modified_gmt":"2026-02-14T13:55:53","slug":"sweater-pipa","status":"publish","type":"product","link":"https:\/\/anacleta.com.ar\/es_es\/producto\/sweater-pipa\/","title":{"rendered":"Sweater Pipa"},"content":{"rendered":"","protected":false},"excerpt":{"rendered":"<p>El Sweater Pipa, de hilado con lino, es de calce cl\u00e1sico, escote a la base, manga larga y largo a la cadera. Presenta detalle de bordado en hilo de l\u00farex acompa\u00f1ando la forma de escote. El tejido semi transparente lo hace una prenda ideal para combinar con tus looks de noche.<\/p>\n","protected":false},"featured_media":100658,"template":"","meta":[],"product_brand":[481],"product_cat":[492,491,146],"product_tag":[111],"class_list":{"0":"post-100656","1":"product","2":"type-product","3":"status-publish","4":"has-post-thumbnail","6":"product_brand-ginebra","7":"product_cat-2x1","8":"product_cat-flash-market","9":"product_cat-sweaters","10":"product_tag-ginebra","12":"first","13":"instock","14":"shipping-taxable","15":"purchasable","16":"product-type-variable"},"_links":{"self":[{"href":"https:\/\/anacleta.com.ar\/es_es\/wp-json\/wp\/v2\/product\/100656","targetHints":{"allow":["GET"]}}],"collection":[{"href":"https:\/\/anacleta.com.ar\/es_es\/wp-json\/wp\/v2\/product"}],"about":[{"href":"https:\/\/anacleta.com.ar\/es_es\/wp-json\/wp\/v2\/types\/product"}],"wp:featuredmedia":[{"embeddable":true,"href":"https:\/\/anacleta.com.ar\/es_es\/wp-json\/wp\/v2\/media\/100658"}],"wp:attachment":[{"href":"https:\/\/anacleta.com.ar\/es_es\/wp-json\/wp\/v2\/media?parent=100656"}],"wp:term":[{"taxonomy":"product_brand","embeddable":true,"href":"https:\/\/anacleta.com.ar\/es_es\/wp-json\/wp\/v2\/product_brand?post=100656"},{"taxonomy":"product_cat","embeddable":true,"href":"https:\/\/anacleta.com.ar\/es_es\/wp-json\/wp\/v2\/product_cat?post=100656"},{"taxonomy":"product_tag","embeddable":true,"href":"https:\/\/anacleta.com.ar\/es_es\/wp-json\/wp\/v2\/product_tag?post=100656"}],"curies":[{"name":"wp","href":"https:\/\/api.w.org\/{rel}","templated":true}]}}