{"id":100667,"date":"2025-09-03T20:35:59","date_gmt":"2025-09-03T23:35:59","guid":{"rendered":"https:\/\/anacleta.com.ar\/?post_type=product&#038;p=100667"},"modified":"2026-02-14T10:56:12","modified_gmt":"2026-02-14T13:56:12","slug":"pantalon-pisco","status":"publish","type":"product","link":"https:\/\/anacleta.com.ar\/es_es\/producto\/pantalon-pisco\/","title":{"rendered":"Pantalon Pisco"},"content":{"rendered":"","protected":false},"excerpt":{"rendered":"<p>El Pantal\u00f3n Pisco, de hilado de algod\u00f3n, es de calce cl\u00e1sico, de tiro medio y largo a los tobillos. Cuenta con cintura con el\u00e1stico interno para un calce m\u00e1s c\u00f3modo, jareta regulable con cord\u00f3n de algod\u00f3n con punteras personalizadas y bolsillos tipo plaqu\u00e9 en el frente. Detalle de dise\u00f1o con cambio de punto a tono en bolsillo izquierdo en el frente. Ideal para un look simple y clean.<\/p>\n","protected":false},"featured_media":100670,"template":"","meta":[],"product_brand":[481],"product_cat":[492,491,134],"product_tag":[111],"class_list":{"0":"post-100667","1":"product","2":"type-product","3":"status-publish","4":"has-post-thumbnail","6":"product_brand-ginebra","7":"product_cat-2x1","8":"product_cat-flash-market","9":"product_cat-pantalones","10":"product_tag-ginebra","12":"first","13":"instock","14":"shipping-taxable","15":"purchasable","16":"product-type-variable"},"_links":{"self":[{"href":"https:\/\/anacleta.com.ar\/es_es\/wp-json\/wp\/v2\/product\/100667","targetHints":{"allow":["GET"]}}],"collection":[{"href":"https:\/\/anacleta.com.ar\/es_es\/wp-json\/wp\/v2\/product"}],"about":[{"href":"https:\/\/anacleta.com.ar\/es_es\/wp-json\/wp\/v2\/types\/product"}],"wp:featuredmedia":[{"embeddable":true,"href":"https:\/\/anacleta.com.ar\/es_es\/wp-json\/wp\/v2\/media\/100670"}],"wp:attachment":[{"href":"https:\/\/anacleta.com.ar\/es_es\/wp-json\/wp\/v2\/media?parent=100667"}],"wp:term":[{"taxonomy":"product_brand","embeddable":true,"href":"https:\/\/anacleta.com.ar\/es_es\/wp-json\/wp\/v2\/product_brand?post=100667"},{"taxonomy":"product_cat","embeddable":true,"href":"https:\/\/anacleta.com.ar\/es_es\/wp-json\/wp\/v2\/product_cat?post=100667"},{"taxonomy":"product_tag","embeddable":true,"href":"https:\/\/anacleta.com.ar\/es_es\/wp-json\/wp\/v2\/product_tag?post=100667"}],"curies":[{"name":"wp","href":"https:\/\/api.w.org\/{rel}","templated":true}]}}