{"id":100852,"date":"2025-09-08T19:08:54","date_gmt":"2025-09-08T22:08:54","guid":{"rendered":"https:\/\/anacleta.com.ar\/?post_type=product&#038;p=100852"},"modified":"2026-02-09T21:00:42","modified_gmt":"2026-02-10T00:00:42","slug":"buzo-ibiza","status":"publish","type":"product","link":"https:\/\/anacleta.com.ar\/es_es\/producto\/buzo-ibiza\/","title":{"rendered":"Buzo Ibiza"},"content":{"rendered":"","protected":false},"excerpt":{"rendered":"<p>Buzo corto oversize confeccionado en tejido r\u00fastico con efecto te\u00f1ido maltinto. Presenta cuello redondo, cintura y pu\u00f1os en ribb complemento. Incluye estampa exclusiva de Shibinda en el frente.<\/p>\n<p><strong>Composici\u00f3n:\u00a0<\/strong>100% Algod\u00f3n<\/p>\n","protected":false},"featured_media":100856,"template":"","meta":[],"product_brand":[487],"product_cat":[150],"product_tag":[196],"class_list":{"0":"post-100852","1":"product","2":"type-product","3":"status-publish","4":"has-post-thumbnail","6":"product_brand-shibinda","7":"product_cat-buzos","8":"product_tag-shibinda","10":"first","11":"instock","12":"shipping-taxable","13":"purchasable","14":"product-type-variable"},"_links":{"self":[{"href":"https:\/\/anacleta.com.ar\/es_es\/wp-json\/wp\/v2\/product\/100852","targetHints":{"allow":["GET"]}}],"collection":[{"href":"https:\/\/anacleta.com.ar\/es_es\/wp-json\/wp\/v2\/product"}],"about":[{"href":"https:\/\/anacleta.com.ar\/es_es\/wp-json\/wp\/v2\/types\/product"}],"wp:featuredmedia":[{"embeddable":true,"href":"https:\/\/anacleta.com.ar\/es_es\/wp-json\/wp\/v2\/media\/100856"}],"wp:attachment":[{"href":"https:\/\/anacleta.com.ar\/es_es\/wp-json\/wp\/v2\/media?parent=100852"}],"wp:term":[{"taxonomy":"product_brand","embeddable":true,"href":"https:\/\/anacleta.com.ar\/es_es\/wp-json\/wp\/v2\/product_brand?post=100852"},{"taxonomy":"product_cat","embeddable":true,"href":"https:\/\/anacleta.com.ar\/es_es\/wp-json\/wp\/v2\/product_cat?post=100852"},{"taxonomy":"product_tag","embeddable":true,"href":"https:\/\/anacleta.com.ar\/es_es\/wp-json\/wp\/v2\/product_tag?post=100852"}],"curies":[{"name":"wp","href":"https:\/\/api.w.org\/{rel}","templated":true}]}}