{"id":100930,"date":"2025-09-08T20:14:12","date_gmt":"2025-09-08T23:14:12","guid":{"rendered":"https:\/\/anacleta.com.ar\/?post_type=product&#038;p=100930"},"modified":"2026-02-06T18:39:08","modified_gmt":"2026-02-06T21:39:08","slug":"jeans-chipre","status":"publish","type":"product","link":"https:\/\/anacleta.com.ar\/es_es\/producto\/jeans-chipre\/","title":{"rendered":"Jeans Chipre"},"content":{"rendered":"","protected":false},"excerpt":{"rendered":"<p>Pantal\u00f3n denim corte wide leg y tiro medio, con cinco bolsillos, cierre frontal con cremallera y bot\u00f3n met\u00e1lico. Presenta recortes laterales y lavado artesanal, por lo que el tono puede variar.<\/p>\n<p><strong>Composici\u00f3n:\u00a0<\/strong>100% Algod\u00f3n.<\/p>\n","protected":false},"featured_media":100935,"template":"","meta":[],"product_brand":[487],"product_cat":[126,134],"product_tag":[196],"class_list":{"0":"post-100930","1":"product","2":"type-product","3":"status-publish","4":"has-post-thumbnail","6":"product_brand-shibinda","7":"product_cat-denim","8":"product_cat-pantalones","9":"product_tag-shibinda","11":"first","12":"instock","13":"shipping-taxable","14":"purchasable","15":"product-type-variable"},"_links":{"self":[{"href":"https:\/\/anacleta.com.ar\/es_es\/wp-json\/wp\/v2\/product\/100930","targetHints":{"allow":["GET"]}}],"collection":[{"href":"https:\/\/anacleta.com.ar\/es_es\/wp-json\/wp\/v2\/product"}],"about":[{"href":"https:\/\/anacleta.com.ar\/es_es\/wp-json\/wp\/v2\/types\/product"}],"wp:featuredmedia":[{"embeddable":true,"href":"https:\/\/anacleta.com.ar\/es_es\/wp-json\/wp\/v2\/media\/100935"}],"wp:attachment":[{"href":"https:\/\/anacleta.com.ar\/es_es\/wp-json\/wp\/v2\/media?parent=100930"}],"wp:term":[{"taxonomy":"product_brand","embeddable":true,"href":"https:\/\/anacleta.com.ar\/es_es\/wp-json\/wp\/v2\/product_brand?post=100930"},{"taxonomy":"product_cat","embeddable":true,"href":"https:\/\/anacleta.com.ar\/es_es\/wp-json\/wp\/v2\/product_cat?post=100930"},{"taxonomy":"product_tag","embeddable":true,"href":"https:\/\/anacleta.com.ar\/es_es\/wp-json\/wp\/v2\/product_tag?post=100930"}],"curies":[{"name":"wp","href":"https:\/\/api.w.org\/{rel}","templated":true}]}}