{"id":101210,"date":"2025-09-15T19:24:08","date_gmt":"2025-09-15T22:24:08","guid":{"rendered":"https:\/\/anacleta.com.ar\/?post_type=product&#038;p=101210"},"modified":"2026-02-14T10:56:34","modified_gmt":"2026-02-14T13:56:34","slug":"remera-cartagena-2","status":"publish","type":"product","link":"https:\/\/anacleta.com.ar\/es_es\/producto\/remera-cartagena-2\/","title":{"rendered":"Remera Cartagena"},"content":{"rendered":"","protected":false},"excerpt":{"rendered":"<p>La Remera Cartagena, de jersey de algod\u00f3n, es de calce boxy, con escote a la base y manga corta. Cuenta con un proceso de l\u00e1vado artesanal en prenda que puede variar en cada una, haciendolo un \u00edtem \u00fanico. Presenta estampa posicional en frente. Un item original para terminar de armar tu look.<\/p>\n","protected":false},"featured_media":101214,"template":"","meta":[],"product_brand":[481],"product_cat":[492,491,129],"product_tag":[111],"class_list":{"0":"post-101210","1":"product","2":"type-product","3":"status-publish","4":"has-post-thumbnail","6":"product_brand-ginebra","7":"product_cat-2x1","8":"product_cat-flash-market","9":"product_cat-remeras","10":"product_tag-ginebra","12":"first","13":"instock","14":"shipping-taxable","15":"purchasable","16":"product-type-variable"},"_links":{"self":[{"href":"https:\/\/anacleta.com.ar\/es_es\/wp-json\/wp\/v2\/product\/101210","targetHints":{"allow":["GET"]}}],"collection":[{"href":"https:\/\/anacleta.com.ar\/es_es\/wp-json\/wp\/v2\/product"}],"about":[{"href":"https:\/\/anacleta.com.ar\/es_es\/wp-json\/wp\/v2\/types\/product"}],"wp:featuredmedia":[{"embeddable":true,"href":"https:\/\/anacleta.com.ar\/es_es\/wp-json\/wp\/v2\/media\/101214"}],"wp:attachment":[{"href":"https:\/\/anacleta.com.ar\/es_es\/wp-json\/wp\/v2\/media?parent=101210"}],"wp:term":[{"taxonomy":"product_brand","embeddable":true,"href":"https:\/\/anacleta.com.ar\/es_es\/wp-json\/wp\/v2\/product_brand?post=101210"},{"taxonomy":"product_cat","embeddable":true,"href":"https:\/\/anacleta.com.ar\/es_es\/wp-json\/wp\/v2\/product_cat?post=101210"},{"taxonomy":"product_tag","embeddable":true,"href":"https:\/\/anacleta.com.ar\/es_es\/wp-json\/wp\/v2\/product_tag?post=101210"}],"curies":[{"name":"wp","href":"https:\/\/api.w.org\/{rel}","templated":true}]}}