{"id":101359,"date":"2025-09-16T18:56:35","date_gmt":"2025-09-16T21:56:35","guid":{"rendered":"https:\/\/anacleta.com.ar\/?post_type=product&#038;p=101359"},"modified":"2026-03-31T18:34:27","modified_gmt":"2026-03-31T21:34:27","slug":"pantalon-vina","status":"publish","type":"product","link":"https:\/\/anacleta.com.ar\/es_es\/producto\/pantalon-vina\/","title":{"rendered":"Pantalon Vi\u00f1a"},"content":{"rendered":"","protected":false},"excerpt":{"rendered":"<p>Pantal\u00f3n Vi\u00f1a de tiro alto y corte wide est\u00e1 confeccionado en algod\u00f3n, con un estampado exclusivo de la colecci\u00f3n. Incluye av\u00edos met\u00e1licos negros que complementan su impronta moderna y vers\u00e1til.<\/p>\n<p>Composici\u00f3n: 100% algod\u00f3n<\/p>\n<p>Referencia modelo Dalen: Altura 1,72 Talle: 1<\/p>\n","protected":false},"featured_media":101361,"template":"","meta":[],"product_brand":[480],"product_cat":[492,491,134,461],"product_tag":[112],"class_list":{"0":"post-101359","1":"product","2":"type-product","3":"status-publish","4":"has-post-thumbnail","6":"product_brand-jazmin-chebar","7":"product_cat-2x1","8":"product_cat-flash-market","9":"product_cat-pantalones","10":"product_cat-todo-para-chebar","11":"product_tag-jazmin-chebar","13":"first","14":"instock","15":"sale","16":"shipping-taxable","17":"purchasable","18":"product-type-variable"},"_links":{"self":[{"href":"https:\/\/anacleta.com.ar\/es_es\/wp-json\/wp\/v2\/product\/101359","targetHints":{"allow":["GET"]}}],"collection":[{"href":"https:\/\/anacleta.com.ar\/es_es\/wp-json\/wp\/v2\/product"}],"about":[{"href":"https:\/\/anacleta.com.ar\/es_es\/wp-json\/wp\/v2\/types\/product"}],"wp:featuredmedia":[{"embeddable":true,"href":"https:\/\/anacleta.com.ar\/es_es\/wp-json\/wp\/v2\/media\/101361"}],"wp:attachment":[{"href":"https:\/\/anacleta.com.ar\/es_es\/wp-json\/wp\/v2\/media?parent=101359"}],"wp:term":[{"taxonomy":"product_brand","embeddable":true,"href":"https:\/\/anacleta.com.ar\/es_es\/wp-json\/wp\/v2\/product_brand?post=101359"},{"taxonomy":"product_cat","embeddable":true,"href":"https:\/\/anacleta.com.ar\/es_es\/wp-json\/wp\/v2\/product_cat?post=101359"},{"taxonomy":"product_tag","embeddable":true,"href":"https:\/\/anacleta.com.ar\/es_es\/wp-json\/wp\/v2\/product_tag?post=101359"}],"curies":[{"name":"wp","href":"https:\/\/api.w.org\/{rel}","templated":true}]}}