{"id":101420,"date":"2025-09-17T11:57:51","date_gmt":"2025-09-17T14:57:51","guid":{"rendered":"https:\/\/anacleta.com.ar\/?post_type=product&#038;p=101420"},"modified":"2026-03-28T10:49:35","modified_gmt":"2026-03-28T13:49:35","slug":"jeans-annie-summer","status":"publish","type":"product","link":"https:\/\/anacleta.com.ar\/es_es\/producto\/jeans-annie-summer\/","title":{"rendered":"Jeans Annie Summer"},"content":{"rendered":"","protected":false},"excerpt":{"rendered":"<p>Jeans Annie Summer de silueta bootcut confeccionados en denim elastizado con un toque de viscosa que aporta suavidad y ca\u00edda al tejido. De tiro medio, se adapta como un calce cl\u00e1sico y c\u00f3modo para todos los d\u00edas, combinando practicidad y estilo.<\/p>\n<p>Composici\u00f3n: 65% algod\u00f3n, 23% poli\u00e9ster, 10% viscosa, 2% elastano<\/p>\n<p>Referencia modelo Helena: Altura 1,72 Talle: 22<\/p>\n","protected":false},"featured_media":101428,"template":"","meta":[],"product_brand":[480],"product_cat":[126,134],"product_tag":[112],"class_list":{"0":"post-101420","1":"product","2":"type-product","3":"status-publish","4":"has-post-thumbnail","6":"product_brand-jazmin-chebar","7":"product_cat-denim","8":"product_cat-pantalones","9":"product_tag-jazmin-chebar","11":"first","12":"instock","13":"shipping-taxable","14":"purchasable","15":"product-type-variable"},"_links":{"self":[{"href":"https:\/\/anacleta.com.ar\/es_es\/wp-json\/wp\/v2\/product\/101420","targetHints":{"allow":["GET"]}}],"collection":[{"href":"https:\/\/anacleta.com.ar\/es_es\/wp-json\/wp\/v2\/product"}],"about":[{"href":"https:\/\/anacleta.com.ar\/es_es\/wp-json\/wp\/v2\/types\/product"}],"wp:featuredmedia":[{"embeddable":true,"href":"https:\/\/anacleta.com.ar\/es_es\/wp-json\/wp\/v2\/media\/101428"}],"wp:attachment":[{"href":"https:\/\/anacleta.com.ar\/es_es\/wp-json\/wp\/v2\/media?parent=101420"}],"wp:term":[{"taxonomy":"product_brand","embeddable":true,"href":"https:\/\/anacleta.com.ar\/es_es\/wp-json\/wp\/v2\/product_brand?post=101420"},{"taxonomy":"product_cat","embeddable":true,"href":"https:\/\/anacleta.com.ar\/es_es\/wp-json\/wp\/v2\/product_cat?post=101420"},{"taxonomy":"product_tag","embeddable":true,"href":"https:\/\/anacleta.com.ar\/es_es\/wp-json\/wp\/v2\/product_tag?post=101420"}],"curies":[{"name":"wp","href":"https:\/\/api.w.org\/{rel}","templated":true}]}}