{"id":101537,"date":"2025-09-17T18:09:05","date_gmt":"2025-09-17T21:09:05","guid":{"rendered":"https:\/\/anacleta.com.ar\/?post_type=product&#038;p=101537"},"modified":"2025-12-03T20:41:04","modified_gmt":"2025-12-03T23:41:04","slug":"bucket-lipstick","status":"publish","type":"product","link":"https:\/\/anacleta.com.ar\/es_es\/producto\/bucket-lipstick\/","title":{"rendered":"Bucket Lipstick"},"content":{"rendered":"","protected":false},"excerpt":{"rendered":"<p>Bucket Lipstick confeccionada en cuero vacuno con detalle matelaseado. Trae correa de mano y correa regulable para mayor versatilidad. En el frente se destaca el aplique lipstick acompa\u00f1ado de herrajes met\u00e1licos personalizados. En el interior lleva tarjetero, lo que lo convierte en un accesorio funcional y elegante.<\/p>\n<p>Composici\u00f3n: Cuerpo: 100% cuero vacuno flor Forrer\u00eda: 100% poli\u00e9ster Correa: 100% cuero vacuno flor<\/p>\n<p>Medidas: alto 22 cm x ancho 18 cm x profundidad 12 cm<\/p>\n","protected":false},"featured_media":101538,"template":"","meta":[],"product_brand":[480],"product_cat":[128],"product_tag":[112],"class_list":{"0":"post-101537","1":"product","2":"type-product","3":"status-publish","4":"has-post-thumbnail","6":"product_brand-jazmin-chebar","7":"product_cat-accesorios","8":"product_tag-jazmin-chebar","10":"first","11":"instock","12":"shipping-taxable","13":"purchasable","14":"product-type-simple"},"_links":{"self":[{"href":"https:\/\/anacleta.com.ar\/es_es\/wp-json\/wp\/v2\/product\/101537","targetHints":{"allow":["GET"]}}],"collection":[{"href":"https:\/\/anacleta.com.ar\/es_es\/wp-json\/wp\/v2\/product"}],"about":[{"href":"https:\/\/anacleta.com.ar\/es_es\/wp-json\/wp\/v2\/types\/product"}],"wp:featuredmedia":[{"embeddable":true,"href":"https:\/\/anacleta.com.ar\/es_es\/wp-json\/wp\/v2\/media\/101538"}],"wp:attachment":[{"href":"https:\/\/anacleta.com.ar\/es_es\/wp-json\/wp\/v2\/media?parent=101537"}],"wp:term":[{"taxonomy":"product_brand","embeddable":true,"href":"https:\/\/anacleta.com.ar\/es_es\/wp-json\/wp\/v2\/product_brand?post=101537"},{"taxonomy":"product_cat","embeddable":true,"href":"https:\/\/anacleta.com.ar\/es_es\/wp-json\/wp\/v2\/product_cat?post=101537"},{"taxonomy":"product_tag","embeddable":true,"href":"https:\/\/anacleta.com.ar\/es_es\/wp-json\/wp\/v2\/product_tag?post=101537"}],"curies":[{"name":"wp","href":"https:\/\/api.w.org\/{rel}","templated":true}]}}