{"id":101543,"date":"2025-09-17T18:11:24","date_gmt":"2025-09-17T21:11:24","guid":{"rendered":"https:\/\/anacleta.com.ar\/?post_type=product&#038;p=101543"},"modified":"2025-12-03T20:41:08","modified_gmt":"2025-12-03T23:41:08","slug":"bandolera-lipstick-night-knit","status":"publish","type":"product","link":"https:\/\/anacleta.com.ar\/es_es\/producto\/bandolera-lipstick-night-knit\/","title":{"rendered":"Bandolera Lipstick Night Knit"},"content":{"rendered":"","protected":false},"excerpt":{"rendered":"<p>Bandolera Lipstick Night Knit confeccionada en rafia con ribetes en cuero vacuno. Presenta correa regulable y cierre imantado para un acceso pr\u00e1ctico. Su interior incluye un bolsillo y el dise\u00f1o se destaca por el aplique Lipstick en acabado oro, un detalle sofisticado y distintivo de la colecci\u00f3n.<\/p>\n<p>Composici\u00f3n: Cuerpo: 70% polipropileno 30% cuero vacuno flor Forrer\u00eda: 100% poli\u00e9ster Correa: 100% cuero vacuno flor<\/p>\n<p>Medidas: alto 12 cm x ancho 19 cm x profundidad 5,5 cm<\/p>\n","protected":false},"featured_media":101544,"template":"","meta":[],"product_brand":[480],"product_cat":[128],"product_tag":[112],"class_list":{"0":"post-101543","1":"product","2":"type-product","3":"status-publish","4":"has-post-thumbnail","6":"product_brand-jazmin-chebar","7":"product_cat-accesorios","8":"product_tag-jazmin-chebar","10":"first","11":"instock","12":"shipping-taxable","13":"purchasable","14":"product-type-simple"},"_links":{"self":[{"href":"https:\/\/anacleta.com.ar\/es_es\/wp-json\/wp\/v2\/product\/101543","targetHints":{"allow":["GET"]}}],"collection":[{"href":"https:\/\/anacleta.com.ar\/es_es\/wp-json\/wp\/v2\/product"}],"about":[{"href":"https:\/\/anacleta.com.ar\/es_es\/wp-json\/wp\/v2\/types\/product"}],"wp:featuredmedia":[{"embeddable":true,"href":"https:\/\/anacleta.com.ar\/es_es\/wp-json\/wp\/v2\/media\/101544"}],"wp:attachment":[{"href":"https:\/\/anacleta.com.ar\/es_es\/wp-json\/wp\/v2\/media?parent=101543"}],"wp:term":[{"taxonomy":"product_brand","embeddable":true,"href":"https:\/\/anacleta.com.ar\/es_es\/wp-json\/wp\/v2\/product_brand?post=101543"},{"taxonomy":"product_cat","embeddable":true,"href":"https:\/\/anacleta.com.ar\/es_es\/wp-json\/wp\/v2\/product_cat?post=101543"},{"taxonomy":"product_tag","embeddable":true,"href":"https:\/\/anacleta.com.ar\/es_es\/wp-json\/wp\/v2\/product_tag?post=101543"}],"curies":[{"name":"wp","href":"https:\/\/api.w.org\/{rel}","templated":true}]}}