{"id":101559,"date":"2025-09-17T18:39:49","date_gmt":"2025-09-17T21:39:49","guid":{"rendered":"https:\/\/anacleta.com.ar\/?post_type=product&#038;p=101559"},"modified":"2025-12-03T20:41:24","modified_gmt":"2025-12-03T23:41:24","slug":"tarjetero-lipstick","status":"publish","type":"product","link":"https:\/\/anacleta.com.ar\/es_es\/producto\/tarjetero-lipstick\/","title":{"rendered":"Tarjetero Lipstick"},"content":{"rendered":"","protected":false},"excerpt":{"rendered":"<p>Tarjetero Lipstick confeccionado en cuero vacuno liso con efecto matelaseado. Incluye el ic\u00f3nico aplique Lipstick met\u00e1lico en el frente, aportando un detalle sofisticado y distintivo. Un accesorio compacto y funcional, ideal para complementar la l\u00ednea Lipstick.<\/p>\n<p>Composici\u00f3n: Cuerpo: 100% cuero vacuno flor Forrer\u00eda: 100% poli\u00e9ster<\/p>\n","protected":false},"featured_media":101560,"template":"","meta":[],"product_brand":[480],"product_cat":[128],"product_tag":[112],"class_list":{"0":"post-101559","1":"product","2":"type-product","3":"status-publish","4":"has-post-thumbnail","6":"product_brand-jazmin-chebar","7":"product_cat-accesorios","8":"product_tag-jazmin-chebar","10":"first","11":"instock","12":"shipping-taxable","13":"purchasable","14":"product-type-simple"},"_links":{"self":[{"href":"https:\/\/anacleta.com.ar\/es_es\/wp-json\/wp\/v2\/product\/101559","targetHints":{"allow":["GET"]}}],"collection":[{"href":"https:\/\/anacleta.com.ar\/es_es\/wp-json\/wp\/v2\/product"}],"about":[{"href":"https:\/\/anacleta.com.ar\/es_es\/wp-json\/wp\/v2\/types\/product"}],"wp:featuredmedia":[{"embeddable":true,"href":"https:\/\/anacleta.com.ar\/es_es\/wp-json\/wp\/v2\/media\/101560"}],"wp:attachment":[{"href":"https:\/\/anacleta.com.ar\/es_es\/wp-json\/wp\/v2\/media?parent=101559"}],"wp:term":[{"taxonomy":"product_brand","embeddable":true,"href":"https:\/\/anacleta.com.ar\/es_es\/wp-json\/wp\/v2\/product_brand?post=101559"},{"taxonomy":"product_cat","embeddable":true,"href":"https:\/\/anacleta.com.ar\/es_es\/wp-json\/wp\/v2\/product_cat?post=101559"},{"taxonomy":"product_tag","embeddable":true,"href":"https:\/\/anacleta.com.ar\/es_es\/wp-json\/wp\/v2\/product_tag?post=101559"}],"curies":[{"name":"wp","href":"https:\/\/api.w.org\/{rel}","templated":true}]}}