{"id":101620,"date":"2025-09-22T18:06:58","date_gmt":"2025-09-22T21:06:58","guid":{"rendered":"https:\/\/anacleta.com.ar\/?post_type=product&#038;p=101620"},"modified":"2026-03-13T11:30:05","modified_gmt":"2026-03-13T14:30:05","slug":"buzo-cala","status":"publish","type":"product","link":"https:\/\/anacleta.com.ar\/es_es\/producto\/buzo-cala\/","title":{"rendered":"Buzo Cala"},"content":{"rendered":"","protected":false},"excerpt":{"rendered":"<p>Buzo oversized, largo hasta el inicio de la cadera, con cuello redondo, sin capucha y pu\u00f1os y cuello de ribb a tono.<br \/>\nConfeccionado en r\u00fastico de algod\u00f3n, con dise\u00f1o bordado en el frente a dos tonos.<\/p>\n","protected":false},"featured_media":101621,"template":"","meta":[],"product_brand":[],"product_cat":[150],"product_tag":[124],"class_list":{"0":"post-101620","1":"product","2":"type-product","3":"status-publish","4":"has-post-thumbnail","6":"product_cat-buzos","7":"product_tag-y-lovers","9":"first","10":"instock","11":"shipping-taxable","12":"purchasable","13":"product-type-variable"},"_links":{"self":[{"href":"https:\/\/anacleta.com.ar\/es_es\/wp-json\/wp\/v2\/product\/101620","targetHints":{"allow":["GET"]}}],"collection":[{"href":"https:\/\/anacleta.com.ar\/es_es\/wp-json\/wp\/v2\/product"}],"about":[{"href":"https:\/\/anacleta.com.ar\/es_es\/wp-json\/wp\/v2\/types\/product"}],"wp:featuredmedia":[{"embeddable":true,"href":"https:\/\/anacleta.com.ar\/es_es\/wp-json\/wp\/v2\/media\/101621"}],"wp:attachment":[{"href":"https:\/\/anacleta.com.ar\/es_es\/wp-json\/wp\/v2\/media?parent=101620"}],"wp:term":[{"taxonomy":"product_brand","embeddable":true,"href":"https:\/\/anacleta.com.ar\/es_es\/wp-json\/wp\/v2\/product_brand?post=101620"},{"taxonomy":"product_cat","embeddable":true,"href":"https:\/\/anacleta.com.ar\/es_es\/wp-json\/wp\/v2\/product_cat?post=101620"},{"taxonomy":"product_tag","embeddable":true,"href":"https:\/\/anacleta.com.ar\/es_es\/wp-json\/wp\/v2\/product_tag?post=101620"}],"curies":[{"name":"wp","href":"https:\/\/api.w.org\/{rel}","templated":true}]}}