{"id":101740,"date":"2025-09-22T19:19:34","date_gmt":"2025-09-22T22:19:34","guid":{"rendered":"https:\/\/anacleta.com.ar\/?post_type=product&#038;p=101740"},"modified":"2025-11-04T11:26:23","modified_gmt":"2025-11-04T14:26:23","slug":"musculosa-coral","status":"publish","type":"product","link":"https:\/\/anacleta.com.ar\/es_es\/producto\/musculosa-coral\/","title":{"rendered":"Musculosa Coral"},"content":{"rendered":"","protected":false},"excerpt":{"rendered":"<p>Musculosa al cuerpo, con escote americano y terminaciones en collareta ancha. Confeccionada en morley de algod\u00f3n, con un proceso de te\u00f1ido y gastado que le aporta un acabado vintage y un estilo \u00fanico. India usa talle S.<\/p>\n","protected":false},"featured_media":101744,"template":"","meta":[],"product_brand":[],"product_cat":[129],"product_tag":[124],"class_list":{"0":"post-101740","1":"product","2":"type-product","3":"status-publish","4":"has-post-thumbnail","6":"product_cat-remeras","7":"product_tag-y-lovers","9":"first","10":"instock","11":"shipping-taxable","12":"purchasable","13":"product-type-variable"},"_links":{"self":[{"href":"https:\/\/anacleta.com.ar\/es_es\/wp-json\/wp\/v2\/product\/101740","targetHints":{"allow":["GET"]}}],"collection":[{"href":"https:\/\/anacleta.com.ar\/es_es\/wp-json\/wp\/v2\/product"}],"about":[{"href":"https:\/\/anacleta.com.ar\/es_es\/wp-json\/wp\/v2\/types\/product"}],"wp:featuredmedia":[{"embeddable":true,"href":"https:\/\/anacleta.com.ar\/es_es\/wp-json\/wp\/v2\/media\/101744"}],"wp:attachment":[{"href":"https:\/\/anacleta.com.ar\/es_es\/wp-json\/wp\/v2\/media?parent=101740"}],"wp:term":[{"taxonomy":"product_brand","embeddable":true,"href":"https:\/\/anacleta.com.ar\/es_es\/wp-json\/wp\/v2\/product_brand?post=101740"},{"taxonomy":"product_cat","embeddable":true,"href":"https:\/\/anacleta.com.ar\/es_es\/wp-json\/wp\/v2\/product_cat?post=101740"},{"taxonomy":"product_tag","embeddable":true,"href":"https:\/\/anacleta.com.ar\/es_es\/wp-json\/wp\/v2\/product_tag?post=101740"}],"curies":[{"name":"wp","href":"https:\/\/api.w.org\/{rel}","templated":true}]}}