{"id":101752,"date":"2025-09-22T19:24:46","date_gmt":"2025-09-22T22:24:46","guid":{"rendered":"https:\/\/anacleta.com.ar\/?post_type=product&#038;p=101752"},"modified":"2025-11-10T09:59:11","modified_gmt":"2025-11-10T12:59:11","slug":"pantalon-gaia","status":"publish","type":"product","link":"https:\/\/anacleta.com.ar\/es_es\/producto\/pantalon-gaia\/","title":{"rendered":"Pantalon Gaia"},"content":{"rendered":"","protected":false},"excerpt":{"rendered":"<p>Pantal\u00f3n playero, wide leg, tiro medio, con bolsillos laterales, ruedo desflecado y cintura finita con el\u00e1stico y cord\u00f3n de la misma tela.<br \/>\nConfeccionado en lino liviano.<\/p>\n","protected":false},"featured_media":101759,"template":"","meta":[],"product_brand":[],"product_cat":[134],"product_tag":[124],"class_list":{"0":"post-101752","1":"product","2":"type-product","3":"status-publish","4":"has-post-thumbnail","6":"product_cat-pantalones","7":"product_tag-y-lovers","9":"first","10":"instock","11":"shipping-taxable","12":"purchasable","13":"product-type-variable"},"_links":{"self":[{"href":"https:\/\/anacleta.com.ar\/es_es\/wp-json\/wp\/v2\/product\/101752","targetHints":{"allow":["GET"]}}],"collection":[{"href":"https:\/\/anacleta.com.ar\/es_es\/wp-json\/wp\/v2\/product"}],"about":[{"href":"https:\/\/anacleta.com.ar\/es_es\/wp-json\/wp\/v2\/types\/product"}],"wp:featuredmedia":[{"embeddable":true,"href":"https:\/\/anacleta.com.ar\/es_es\/wp-json\/wp\/v2\/media\/101759"}],"wp:attachment":[{"href":"https:\/\/anacleta.com.ar\/es_es\/wp-json\/wp\/v2\/media?parent=101752"}],"wp:term":[{"taxonomy":"product_brand","embeddable":true,"href":"https:\/\/anacleta.com.ar\/es_es\/wp-json\/wp\/v2\/product_brand?post=101752"},{"taxonomy":"product_cat","embeddable":true,"href":"https:\/\/anacleta.com.ar\/es_es\/wp-json\/wp\/v2\/product_cat?post=101752"},{"taxonomy":"product_tag","embeddable":true,"href":"https:\/\/anacleta.com.ar\/es_es\/wp-json\/wp\/v2\/product_tag?post=101752"}],"curies":[{"name":"wp","href":"https:\/\/api.w.org\/{rel}","templated":true}]}}