{"id":102018,"date":"2025-09-30T11:26:13","date_gmt":"2025-09-30T14:26:13","guid":{"rendered":"https:\/\/anacleta.com.ar\/?post_type=product&#038;p=102018"},"modified":"2026-01-09T09:37:31","modified_gmt":"2026-01-09T12:37:31","slug":"remera-jazzy","status":"publish","type":"product","link":"https:\/\/anacleta.com.ar\/es_es\/producto\/remera-jazzy\/","title":{"rendered":"Remera Jazzy"},"content":{"rendered":"","protected":false},"excerpt":{"rendered":"<p>Remera Jazzy confeccionada en algod\u00f3n pima org\u00e1nico, de fit al cuerpo y terminaciones al corte que le aportan un aire actual y descontracturado. Tiene escote redondo cl\u00e1sico y mangas cortas, con largo a la primera cadera, lo que la convierte en una opci\u00f3n vers\u00e1til y f\u00e1cil de combinar para el d\u00eda a d\u00eda.<\/p>\n<p>Composici\u00f3n: 90% algod\u00f3n pima org\u00e1nico, 10% elastano.<\/p>\n<p>Referencia modelo Helena: Altura 1,72 Talle: 1<\/p>\n","protected":false},"featured_media":102022,"template":"","meta":[],"product_brand":[480],"product_cat":[129],"product_tag":[112],"class_list":{"0":"post-102018","1":"product","2":"type-product","3":"status-publish","4":"has-post-thumbnail","6":"product_brand-jazmin-chebar","7":"product_cat-remeras","8":"product_tag-jazmin-chebar","10":"first","11":"instock","12":"shipping-taxable","13":"purchasable","14":"product-type-variable"},"_links":{"self":[{"href":"https:\/\/anacleta.com.ar\/es_es\/wp-json\/wp\/v2\/product\/102018","targetHints":{"allow":["GET"]}}],"collection":[{"href":"https:\/\/anacleta.com.ar\/es_es\/wp-json\/wp\/v2\/product"}],"about":[{"href":"https:\/\/anacleta.com.ar\/es_es\/wp-json\/wp\/v2\/types\/product"}],"wp:featuredmedia":[{"embeddable":true,"href":"https:\/\/anacleta.com.ar\/es_es\/wp-json\/wp\/v2\/media\/102022"}],"wp:attachment":[{"href":"https:\/\/anacleta.com.ar\/es_es\/wp-json\/wp\/v2\/media?parent=102018"}],"wp:term":[{"taxonomy":"product_brand","embeddable":true,"href":"https:\/\/anacleta.com.ar\/es_es\/wp-json\/wp\/v2\/product_brand?post=102018"},{"taxonomy":"product_cat","embeddable":true,"href":"https:\/\/anacleta.com.ar\/es_es\/wp-json\/wp\/v2\/product_cat?post=102018"},{"taxonomy":"product_tag","embeddable":true,"href":"https:\/\/anacleta.com.ar\/es_es\/wp-json\/wp\/v2\/product_tag?post=102018"}],"curies":[{"name":"wp","href":"https:\/\/api.w.org\/{rel}","templated":true}]}}