{"id":102083,"date":"2025-09-30T12:13:22","date_gmt":"2025-09-30T15:13:22","guid":{"rendered":"https:\/\/anacleta.com.ar\/?post_type=product&#038;p=102083"},"modified":"2025-12-03T20:24:39","modified_gmt":"2025-12-03T23:24:39","slug":"musculosa-nowi-2","status":"publish","type":"product","link":"https:\/\/anacleta.com.ar\/es_es\/producto\/musculosa-nowi-2\/","title":{"rendered":"Musculosa Nowi"},"content":{"rendered":"","protected":false},"excerpt":{"rendered":"<p>Musculosa Nowi confeccionada en algod\u00f3n pima, con fit al cuerpo y largo a la primera cadera. Lleva logo bordado en el centro del escote delantero, un detalle sutil que eleva la prenda b\u00e1sica. C\u00f3moda y fresca, es una opci\u00f3n ideal para todos los d\u00edas.<\/p>\n<p>Composici\u00f3n: 93% algod\u00f3n pima, 7% elastano.<\/p>\n<p>Referencia modelo Florencia: Altura 1,74 Talle: 1<\/p>\n","protected":false},"featured_media":102087,"template":"","meta":[],"product_brand":[480],"product_cat":[129],"product_tag":[112],"class_list":{"0":"post-102083","1":"product","2":"type-product","3":"status-publish","4":"has-post-thumbnail","6":"product_brand-jazmin-chebar","7":"product_cat-remeras","8":"product_tag-jazmin-chebar","10":"first","11":"instock","12":"shipping-taxable","13":"purchasable","14":"product-type-variable"},"_links":{"self":[{"href":"https:\/\/anacleta.com.ar\/es_es\/wp-json\/wp\/v2\/product\/102083","targetHints":{"allow":["GET"]}}],"collection":[{"href":"https:\/\/anacleta.com.ar\/es_es\/wp-json\/wp\/v2\/product"}],"about":[{"href":"https:\/\/anacleta.com.ar\/es_es\/wp-json\/wp\/v2\/types\/product"}],"wp:featuredmedia":[{"embeddable":true,"href":"https:\/\/anacleta.com.ar\/es_es\/wp-json\/wp\/v2\/media\/102087"}],"wp:attachment":[{"href":"https:\/\/anacleta.com.ar\/es_es\/wp-json\/wp\/v2\/media?parent=102083"}],"wp:term":[{"taxonomy":"product_brand","embeddable":true,"href":"https:\/\/anacleta.com.ar\/es_es\/wp-json\/wp\/v2\/product_brand?post=102083"},{"taxonomy":"product_cat","embeddable":true,"href":"https:\/\/anacleta.com.ar\/es_es\/wp-json\/wp\/v2\/product_cat?post=102083"},{"taxonomy":"product_tag","embeddable":true,"href":"https:\/\/anacleta.com.ar\/es_es\/wp-json\/wp\/v2\/product_tag?post=102083"}],"curies":[{"name":"wp","href":"https:\/\/api.w.org\/{rel}","templated":true}]}}