{"id":102113,"date":"2025-09-30T12:26:35","date_gmt":"2025-09-30T15:26:35","guid":{"rendered":"https:\/\/anacleta.com.ar\/?post_type=product&#038;p=102113"},"modified":"2026-03-31T18:42:43","modified_gmt":"2026-03-31T21:42:43","slug":"pantalon-fini","status":"publish","type":"product","link":"https:\/\/anacleta.com.ar\/es_es\/producto\/pantalon-fini\/","title":{"rendered":"Pantalon Fini"},"content":{"rendered":"","protected":false},"excerpt":{"rendered":"<p>Pantal\u00f3n Fini largo de fit recto, confeccionado en punto de algod\u00f3n pima con un toque de elastano que aporta suavidad y elasticidad. Incluye cintura con el\u00e1stico y cord\u00f3n ajustable, adem\u00e1s de logo bordado como detalle distintivo. Una opci\u00f3n vers\u00e1til y c\u00f3moda para el d\u00eda a d\u00eda.<\/p>\n<p>Composici\u00f3n: 97% algod\u00f3n pima, 3% elastano<\/p>\n<p>Referencia modelo Victoria: Altura 1,73 Talle: 1<\/p>\n","protected":false},"featured_media":102116,"template":"","meta":[],"product_brand":[480],"product_cat":[492,491,134,461],"product_tag":[112],"class_list":{"0":"post-102113","1":"product","2":"type-product","3":"status-publish","4":"has-post-thumbnail","6":"product_brand-jazmin-chebar","7":"product_cat-2x1","8":"product_cat-flash-market","9":"product_cat-pantalones","10":"product_cat-todo-para-chebar","11":"product_tag-jazmin-chebar","13":"first","14":"instock","15":"sale","16":"shipping-taxable","17":"purchasable","18":"product-type-variable"},"_links":{"self":[{"href":"https:\/\/anacleta.com.ar\/es_es\/wp-json\/wp\/v2\/product\/102113","targetHints":{"allow":["GET"]}}],"collection":[{"href":"https:\/\/anacleta.com.ar\/es_es\/wp-json\/wp\/v2\/product"}],"about":[{"href":"https:\/\/anacleta.com.ar\/es_es\/wp-json\/wp\/v2\/types\/product"}],"wp:featuredmedia":[{"embeddable":true,"href":"https:\/\/anacleta.com.ar\/es_es\/wp-json\/wp\/v2\/media\/102116"}],"wp:attachment":[{"href":"https:\/\/anacleta.com.ar\/es_es\/wp-json\/wp\/v2\/media?parent=102113"}],"wp:term":[{"taxonomy":"product_brand","embeddable":true,"href":"https:\/\/anacleta.com.ar\/es_es\/wp-json\/wp\/v2\/product_brand?post=102113"},{"taxonomy":"product_cat","embeddable":true,"href":"https:\/\/anacleta.com.ar\/es_es\/wp-json\/wp\/v2\/product_cat?post=102113"},{"taxonomy":"product_tag","embeddable":true,"href":"https:\/\/anacleta.com.ar\/es_es\/wp-json\/wp\/v2\/product_tag?post=102113"}],"curies":[{"name":"wp","href":"https:\/\/api.w.org\/{rel}","templated":true}]}}