{"id":102125,"date":"2025-09-30T12:31:56","date_gmt":"2025-09-30T15:31:56","guid":{"rendered":"https:\/\/anacleta.com.ar\/?post_type=product&#038;p=102125"},"modified":"2026-02-05T18:19:39","modified_gmt":"2026-02-05T21:19:39","slug":"jeans-patty-white","status":"publish","type":"product","link":"https:\/\/anacleta.com.ar\/es_es\/producto\/jeans-patty-white\/","title":{"rendered":"Jeans Patty White"},"content":{"rendered":"","protected":false},"excerpt":{"rendered":"<p>Jeans Patty White de calce cropped, al tobillo y con tiro medio. Confeccionado en gabardina blanca con un toque de lycra que aporta mayor comodidad al uso diario. Es un aut\u00e9ntico cl\u00e1sico de los veranos, fresco, vers\u00e1til y f\u00e1cil de combinar con cualquier estilo.<\/p>\n<p>Composici\u00f3n: 99% algod\u00f3n, 1% elastano<\/p>\n<p>Referencia modelo Helena: Altura 1,72 Talle: 1<\/p>\n","protected":false},"featured_media":102131,"template":"","meta":[],"product_brand":[480],"product_cat":[126,134],"product_tag":[112],"class_list":{"0":"post-102125","1":"product","2":"type-product","3":"status-publish","4":"has-post-thumbnail","6":"product_brand-jazmin-chebar","7":"product_cat-denim","8":"product_cat-pantalones","9":"product_tag-jazmin-chebar","11":"first","12":"instock","13":"shipping-taxable","14":"purchasable","15":"product-type-variable"},"_links":{"self":[{"href":"https:\/\/anacleta.com.ar\/es_es\/wp-json\/wp\/v2\/product\/102125","targetHints":{"allow":["GET"]}}],"collection":[{"href":"https:\/\/anacleta.com.ar\/es_es\/wp-json\/wp\/v2\/product"}],"about":[{"href":"https:\/\/anacleta.com.ar\/es_es\/wp-json\/wp\/v2\/types\/product"}],"wp:featuredmedia":[{"embeddable":true,"href":"https:\/\/anacleta.com.ar\/es_es\/wp-json\/wp\/v2\/media\/102131"}],"wp:attachment":[{"href":"https:\/\/anacleta.com.ar\/es_es\/wp-json\/wp\/v2\/media?parent=102125"}],"wp:term":[{"taxonomy":"product_brand","embeddable":true,"href":"https:\/\/anacleta.com.ar\/es_es\/wp-json\/wp\/v2\/product_brand?post=102125"},{"taxonomy":"product_cat","embeddable":true,"href":"https:\/\/anacleta.com.ar\/es_es\/wp-json\/wp\/v2\/product_cat?post=102125"},{"taxonomy":"product_tag","embeddable":true,"href":"https:\/\/anacleta.com.ar\/es_es\/wp-json\/wp\/v2\/product_tag?post=102125"}],"curies":[{"name":"wp","href":"https:\/\/api.w.org\/{rel}","templated":true}]}}