{"id":102153,"date":"2025-09-30T12:55:53","date_gmt":"2025-09-30T15:55:53","guid":{"rendered":"https:\/\/anacleta.com.ar\/?post_type=product&#038;p=102153"},"modified":"2026-01-08T19:42:58","modified_gmt":"2026-01-08T22:42:58","slug":"pollera-cerise","status":"publish","type":"product","link":"https:\/\/anacleta.com.ar\/es_es\/producto\/pollera-cerise\/","title":{"rendered":"Pollera Cerise"},"content":{"rendered":"","protected":false},"excerpt":{"rendered":"<p>Pollera Cerise tejida en hilado fr\u00edo con delicados puntos calados que aportan textura y sofisticaci\u00f3n. De calce ajustado al cuerpo y largo por encima de los tobillos, es una prenda fresca y elegante, ideal para sumar estilo en d\u00edas c\u00e1lidos o looks de media estaci\u00f3n.<\/p>\n<p>Composici\u00f3n: 59% viscosa, 41% poliamida<\/p>\n<p>Referencia modelo Victoria: Altura 1,73 Talle: 1<\/p>\n","protected":false},"featured_media":102156,"template":"","meta":[],"product_brand":[480],"product_cat":[130],"product_tag":[112],"class_list":{"0":"post-102153","1":"product","2":"type-product","3":"status-publish","4":"has-post-thumbnail","6":"product_brand-jazmin-chebar","7":"product_cat-vestidos-y-faldas","8":"product_tag-jazmin-chebar","10":"first","11":"instock","12":"shipping-taxable","13":"purchasable","14":"product-type-variable"},"_links":{"self":[{"href":"https:\/\/anacleta.com.ar\/es_es\/wp-json\/wp\/v2\/product\/102153","targetHints":{"allow":["GET"]}}],"collection":[{"href":"https:\/\/anacleta.com.ar\/es_es\/wp-json\/wp\/v2\/product"}],"about":[{"href":"https:\/\/anacleta.com.ar\/es_es\/wp-json\/wp\/v2\/types\/product"}],"wp:featuredmedia":[{"embeddable":true,"href":"https:\/\/anacleta.com.ar\/es_es\/wp-json\/wp\/v2\/media\/102156"}],"wp:attachment":[{"href":"https:\/\/anacleta.com.ar\/es_es\/wp-json\/wp\/v2\/media?parent=102153"}],"wp:term":[{"taxonomy":"product_brand","embeddable":true,"href":"https:\/\/anacleta.com.ar\/es_es\/wp-json\/wp\/v2\/product_brand?post=102153"},{"taxonomy":"product_cat","embeddable":true,"href":"https:\/\/anacleta.com.ar\/es_es\/wp-json\/wp\/v2\/product_cat?post=102153"},{"taxonomy":"product_tag","embeddable":true,"href":"https:\/\/anacleta.com.ar\/es_es\/wp-json\/wp\/v2\/product_tag?post=102153"}],"curies":[{"name":"wp","href":"https:\/\/api.w.org\/{rel}","templated":true}]}}