{"id":102170,"date":"2025-09-30T18:03:05","date_gmt":"2025-09-30T21:03:05","guid":{"rendered":"https:\/\/anacleta.com.ar\/?post_type=product&#038;p=102170"},"modified":"2026-03-31T19:50:00","modified_gmt":"2026-03-31T22:50:00","slug":"bikini-daisy-3","status":"publish","type":"product","link":"https:\/\/anacleta.com.ar\/es_es\/producto\/bikini-daisy-3\/","title":{"rendered":"Bikini Daisy"},"content":{"rendered":"","protected":false},"excerpt":{"rendered":"<p>Bikini Daisy con bombacha de tiro alto y corpi\u00f1o con tiras para anudar al cuello. Su confecci\u00f3n combina elasticidad y suavidad, ideal para un calce c\u00f3modo y seguro.<\/p>\n<p>Composici\u00f3n: 82% poliamida, 18% elastano<\/p>\n<p>Referencia modelo Florencia: Altura 1,74 Talle: 1<\/p>\n","protected":false},"featured_media":102172,"template":"","meta":[],"product_brand":[480],"product_cat":[492,252,491,461],"product_tag":[112],"class_list":{"0":"post-102170","1":"product","2":"type-product","3":"status-publish","4":"has-post-thumbnail","6":"product_brand-jazmin-chebar","7":"product_cat-2x1","8":"product_cat-bikinis-y-mallas","9":"product_cat-flash-market","10":"product_cat-todo-para-chebar","11":"product_tag-jazmin-chebar","13":"first","14":"instock","15":"sale","16":"shipping-taxable","17":"purchasable","18":"product-type-variable"},"_links":{"self":[{"href":"https:\/\/anacleta.com.ar\/es_es\/wp-json\/wp\/v2\/product\/102170","targetHints":{"allow":["GET"]}}],"collection":[{"href":"https:\/\/anacleta.com.ar\/es_es\/wp-json\/wp\/v2\/product"}],"about":[{"href":"https:\/\/anacleta.com.ar\/es_es\/wp-json\/wp\/v2\/types\/product"}],"wp:featuredmedia":[{"embeddable":true,"href":"https:\/\/anacleta.com.ar\/es_es\/wp-json\/wp\/v2\/media\/102172"}],"wp:attachment":[{"href":"https:\/\/anacleta.com.ar\/es_es\/wp-json\/wp\/v2\/media?parent=102170"}],"wp:term":[{"taxonomy":"product_brand","embeddable":true,"href":"https:\/\/anacleta.com.ar\/es_es\/wp-json\/wp\/v2\/product_brand?post=102170"},{"taxonomy":"product_cat","embeddable":true,"href":"https:\/\/anacleta.com.ar\/es_es\/wp-json\/wp\/v2\/product_cat?post=102170"},{"taxonomy":"product_tag","embeddable":true,"href":"https:\/\/anacleta.com.ar\/es_es\/wp-json\/wp\/v2\/product_tag?post=102170"}],"curies":[{"name":"wp","href":"https:\/\/api.w.org\/{rel}","templated":true}]}}