{"id":102193,"date":"2025-09-30T18:18:14","date_gmt":"2025-09-30T21:18:14","guid":{"rendered":"https:\/\/anacleta.com.ar\/?post_type=product&#038;p=102193"},"modified":"2026-04-02T11:11:42","modified_gmt":"2026-04-02T14:11:42","slug":"top-alma","status":"publish","type":"product","link":"https:\/\/anacleta.com.ar\/es_es\/producto\/top-alma\/","title":{"rendered":"Top Alma"},"content":{"rendered":"","protected":false},"excerpt":{"rendered":"<p>Top Alma tejido en hilo con calce al cuerpo, ideal para realzar la silueta. Su dise\u00f1o sin mangas y escote redondo aporta un aire minimalista, mientras que los recortes laterales con transparencias en encaje le suman un detalle sofisticado y femenino. De largo cl\u00e1sico a la primer cadera, es una prenda vers\u00e1til para usar tanto de d\u00eda como de noche, combinando comodidad y estilo con un toque elegante.<\/p>\n<p>Composici\u00f3n: 52% Algod\u00f3n, 42% Poliamida, 6% Elastano Complemento: 100% Poliamida.<\/p>\n<p>Referencia modelo Helena: Altura 1,72 Talle: 1<\/p>\n","protected":false},"featured_media":102196,"template":"","meta":[],"product_brand":[480],"product_cat":[492,491,461,181],"product_tag":[112],"class_list":{"0":"post-102193","1":"product","2":"type-product","3":"status-publish","4":"has-post-thumbnail","6":"product_brand-jazmin-chebar","7":"product_cat-2x1","8":"product_cat-flash-market","9":"product_cat-todo-para-chebar","10":"product_cat-tops","11":"product_tag-jazmin-chebar","13":"first","14":"instock","15":"sale","16":"shipping-taxable","17":"purchasable","18":"product-type-variable"},"_links":{"self":[{"href":"https:\/\/anacleta.com.ar\/es_es\/wp-json\/wp\/v2\/product\/102193","targetHints":{"allow":["GET"]}}],"collection":[{"href":"https:\/\/anacleta.com.ar\/es_es\/wp-json\/wp\/v2\/product"}],"about":[{"href":"https:\/\/anacleta.com.ar\/es_es\/wp-json\/wp\/v2\/types\/product"}],"wp:featuredmedia":[{"embeddable":true,"href":"https:\/\/anacleta.com.ar\/es_es\/wp-json\/wp\/v2\/media\/102196"}],"wp:attachment":[{"href":"https:\/\/anacleta.com.ar\/es_es\/wp-json\/wp\/v2\/media?parent=102193"}],"wp:term":[{"taxonomy":"product_brand","embeddable":true,"href":"https:\/\/anacleta.com.ar\/es_es\/wp-json\/wp\/v2\/product_brand?post=102193"},{"taxonomy":"product_cat","embeddable":true,"href":"https:\/\/anacleta.com.ar\/es_es\/wp-json\/wp\/v2\/product_cat?post=102193"},{"taxonomy":"product_tag","embeddable":true,"href":"https:\/\/anacleta.com.ar\/es_es\/wp-json\/wp\/v2\/product_tag?post=102193"}],"curies":[{"name":"wp","href":"https:\/\/api.w.org\/{rel}","templated":true}]}}