{"id":102210,"date":"2025-09-30T18:28:14","date_gmt":"2025-09-30T21:28:14","guid":{"rendered":"https:\/\/anacleta.com.ar\/?post_type=product&#038;p=102210"},"modified":"2026-03-31T18:47:35","modified_gmt":"2026-03-31T21:47:35","slug":"sandalia-isla","status":"publish","type":"product","link":"https:\/\/anacleta.com.ar\/es_es\/producto\/sandalia-isla\/","title":{"rendered":"Sandalia Isla"},"content":{"rendered":"","protected":false},"excerpt":{"rendered":"<p>Sandalia Isla de taco alto, combinada en cinta acanalada y cuero vacuno. Lleva un delicado aplique mini Lipstick en el lateral, que la convierte en un dise\u00f1o distintivo de la colecci\u00f3n. Su acceso es pr\u00e1ctico gracias a la tira de velcro que asegura el calce. Moderna y c\u00f3moda, perfecta para elevar cualquier look.<\/p>\n<p>Composici\u00f3n: Capellada: 50% poli\u00e9ster, 50% cuero vacuno Forrer\u00eda: 100% cuero vacuno Suela: 100% tr<\/p>\n<p>Medidas: Taco 4 cm<\/p>\n","protected":false},"featured_media":102216,"template":"","meta":[],"product_brand":[480],"product_cat":[492,281,491,461],"product_tag":[112],"class_list":{"0":"post-102210","1":"product","2":"type-product","3":"status-publish","4":"has-post-thumbnail","6":"product_brand-jazmin-chebar","7":"product_cat-2x1","8":"product_cat-calzado","9":"product_cat-flash-market","10":"product_cat-todo-para-chebar","11":"product_tag-jazmin-chebar","13":"first","14":"instock","15":"sale","16":"shipping-taxable","17":"purchasable","18":"product-type-variable"},"_links":{"self":[{"href":"https:\/\/anacleta.com.ar\/es_es\/wp-json\/wp\/v2\/product\/102210","targetHints":{"allow":["GET"]}}],"collection":[{"href":"https:\/\/anacleta.com.ar\/es_es\/wp-json\/wp\/v2\/product"}],"about":[{"href":"https:\/\/anacleta.com.ar\/es_es\/wp-json\/wp\/v2\/types\/product"}],"wp:featuredmedia":[{"embeddable":true,"href":"https:\/\/anacleta.com.ar\/es_es\/wp-json\/wp\/v2\/media\/102216"}],"wp:attachment":[{"href":"https:\/\/anacleta.com.ar\/es_es\/wp-json\/wp\/v2\/media?parent=102210"}],"wp:term":[{"taxonomy":"product_brand","embeddable":true,"href":"https:\/\/anacleta.com.ar\/es_es\/wp-json\/wp\/v2\/product_brand?post=102210"},{"taxonomy":"product_cat","embeddable":true,"href":"https:\/\/anacleta.com.ar\/es_es\/wp-json\/wp\/v2\/product_cat?post=102210"},{"taxonomy":"product_tag","embeddable":true,"href":"https:\/\/anacleta.com.ar\/es_es\/wp-json\/wp\/v2\/product_tag?post=102210"}],"curies":[{"name":"wp","href":"https:\/\/api.w.org\/{rel}","templated":true}]}}