{"id":102328,"date":"2025-10-03T10:46:35","date_gmt":"2025-10-03T13:46:35","guid":{"rendered":"https:\/\/anacleta.com.ar\/?post_type=product&#038;p=102328"},"modified":"2026-03-13T09:54:09","modified_gmt":"2026-03-13T12:54:09","slug":"musculosa-erasure-2","status":"publish","type":"product","link":"https:\/\/anacleta.com.ar\/es_es\/producto\/musculosa-erasure-2\/","title":{"rendered":"Musculosa Erasure"},"content":{"rendered":"","protected":false},"excerpt":{"rendered":"<p>Musculosa confeccionada en tejido de morley, con\u00a0basta ancha\u00a0que aporta comodidad y estilo relajado. Presenta un\u00a0cuello redondo cl\u00e1sico\u00a0y un exclusivo detalle decorativo de\u00a0mo\u00f1os en la espalda, que realza su dise\u00f1o \u00fanico. Ideal para combinar con prendas b\u00e1sicas o para un look casual con un toque femenino y moderno.<\/p>\n","protected":false},"featured_media":102332,"template":"","meta":[],"product_brand":[],"product_cat":[129],"product_tag":[473],"class_list":{"0":"post-102328","1":"product","2":"type-product","3":"status-publish","4":"has-post-thumbnail","6":"product_cat-remeras","7":"product_tag-liarte","9":"first","10":"instock","11":"shipping-taxable","12":"purchasable","13":"product-type-variable"},"_links":{"self":[{"href":"https:\/\/anacleta.com.ar\/es_es\/wp-json\/wp\/v2\/product\/102328","targetHints":{"allow":["GET"]}}],"collection":[{"href":"https:\/\/anacleta.com.ar\/es_es\/wp-json\/wp\/v2\/product"}],"about":[{"href":"https:\/\/anacleta.com.ar\/es_es\/wp-json\/wp\/v2\/types\/product"}],"wp:featuredmedia":[{"embeddable":true,"href":"https:\/\/anacleta.com.ar\/es_es\/wp-json\/wp\/v2\/media\/102332"}],"wp:attachment":[{"href":"https:\/\/anacleta.com.ar\/es_es\/wp-json\/wp\/v2\/media?parent=102328"}],"wp:term":[{"taxonomy":"product_brand","embeddable":true,"href":"https:\/\/anacleta.com.ar\/es_es\/wp-json\/wp\/v2\/product_brand?post=102328"},{"taxonomy":"product_cat","embeddable":true,"href":"https:\/\/anacleta.com.ar\/es_es\/wp-json\/wp\/v2\/product_cat?post=102328"},{"taxonomy":"product_tag","embeddable":true,"href":"https:\/\/anacleta.com.ar\/es_es\/wp-json\/wp\/v2\/product_tag?post=102328"}],"curies":[{"name":"wp","href":"https:\/\/api.w.org\/{rel}","templated":true}]}}