{"id":102356,"date":"2025-10-03T11:16:52","date_gmt":"2025-10-03T14:16:52","guid":{"rendered":"https:\/\/anacleta.com.ar\/?post_type=product&#038;p=102356"},"modified":"2025-10-17T11:30:26","modified_gmt":"2025-10-17T14:30:26","slug":"pantalon-benson-2","status":"publish","type":"product","link":"https:\/\/anacleta.com.ar\/es_es\/producto\/pantalon-benson-2\/","title":{"rendered":"Pantalon Benson"},"content":{"rendered":"","protected":false},"excerpt":{"rendered":"<p>PANTAL\u00d3N BENSON confeccionado en gabardina de alta calidad, este pantal\u00f3n babucha destaca por su dise\u00f1o sofisticado y comodidad excepcional. Presenta recortes estrat\u00e9gicos que realzan la silueta y un bolsillo oculto a la altura de la rodilla para un detalle funcional y discreto. Ideal para quienes buscan una prenda elegante con un toque contempor\u00e1neo y vers\u00e1til.<\/p>\n","protected":false},"featured_media":102360,"template":"","meta":[],"product_brand":[],"product_cat":[134],"product_tag":[473],"class_list":{"0":"post-102356","1":"product","2":"type-product","3":"status-publish","4":"has-post-thumbnail","6":"product_cat-pantalones","7":"product_tag-liarte","9":"first","10":"instock","11":"shipping-taxable","12":"purchasable","13":"product-type-variable"},"_links":{"self":[{"href":"https:\/\/anacleta.com.ar\/es_es\/wp-json\/wp\/v2\/product\/102356","targetHints":{"allow":["GET"]}}],"collection":[{"href":"https:\/\/anacleta.com.ar\/es_es\/wp-json\/wp\/v2\/product"}],"about":[{"href":"https:\/\/anacleta.com.ar\/es_es\/wp-json\/wp\/v2\/types\/product"}],"wp:featuredmedia":[{"embeddable":true,"href":"https:\/\/anacleta.com.ar\/es_es\/wp-json\/wp\/v2\/media\/102360"}],"wp:attachment":[{"href":"https:\/\/anacleta.com.ar\/es_es\/wp-json\/wp\/v2\/media?parent=102356"}],"wp:term":[{"taxonomy":"product_brand","embeddable":true,"href":"https:\/\/anacleta.com.ar\/es_es\/wp-json\/wp\/v2\/product_brand?post=102356"},{"taxonomy":"product_cat","embeddable":true,"href":"https:\/\/anacleta.com.ar\/es_es\/wp-json\/wp\/v2\/product_cat?post=102356"},{"taxonomy":"product_tag","embeddable":true,"href":"https:\/\/anacleta.com.ar\/es_es\/wp-json\/wp\/v2\/product_tag?post=102356"}],"curies":[{"name":"wp","href":"https:\/\/api.w.org\/{rel}","templated":true}]}}