{"id":102365,"date":"2025-10-03T11:39:58","date_gmt":"2025-10-03T14:39:58","guid":{"rendered":"https:\/\/anacleta.com.ar\/?post_type=product&#038;p=102365"},"modified":"2025-12-18T11:55:09","modified_gmt":"2025-12-18T14:55:09","slug":"campera-selena-gomez","status":"publish","type":"product","link":"https:\/\/anacleta.com.ar\/es_es\/producto\/campera-selena-gomez\/","title":{"rendered":"Campera Selena Gomez"},"content":{"rendered":"","protected":false},"excerpt":{"rendered":"<p>Campera estilo bomber confeccionada en tela memory, que se adapta c\u00f3modamente a tu cuerpo brindando una sensaci\u00f3n de ligereza y flexibilidad. Su acabado repelente al agua protege eficazmente contra la humedad, ideal para d\u00edas impredecibles. Dise\u00f1o moderno y pr\u00e1ctico, perfecto para combinar con distintos estilos. Una prenda vers\u00e1til y funcional para tu guardarropa de temporada.<\/p>\n","protected":false},"featured_media":102367,"template":"","meta":[],"product_brand":[],"product_cat":[148],"product_tag":[473],"class_list":{"0":"post-102365","1":"product","2":"type-product","3":"status-publish","4":"has-post-thumbnail","6":"product_cat-sacos-y-camperas","7":"product_tag-liarte","9":"first","10":"instock","11":"shipping-taxable","12":"purchasable","13":"product-type-variable"},"_links":{"self":[{"href":"https:\/\/anacleta.com.ar\/es_es\/wp-json\/wp\/v2\/product\/102365","targetHints":{"allow":["GET"]}}],"collection":[{"href":"https:\/\/anacleta.com.ar\/es_es\/wp-json\/wp\/v2\/product"}],"about":[{"href":"https:\/\/anacleta.com.ar\/es_es\/wp-json\/wp\/v2\/types\/product"}],"wp:featuredmedia":[{"embeddable":true,"href":"https:\/\/anacleta.com.ar\/es_es\/wp-json\/wp\/v2\/media\/102367"}],"wp:attachment":[{"href":"https:\/\/anacleta.com.ar\/es_es\/wp-json\/wp\/v2\/media?parent=102365"}],"wp:term":[{"taxonomy":"product_brand","embeddable":true,"href":"https:\/\/anacleta.com.ar\/es_es\/wp-json\/wp\/v2\/product_brand?post=102365"},{"taxonomy":"product_cat","embeddable":true,"href":"https:\/\/anacleta.com.ar\/es_es\/wp-json\/wp\/v2\/product_cat?post=102365"},{"taxonomy":"product_tag","embeddable":true,"href":"https:\/\/anacleta.com.ar\/es_es\/wp-json\/wp\/v2\/product_tag?post=102365"}],"curies":[{"name":"wp","href":"https:\/\/api.w.org\/{rel}","templated":true}]}}