{"id":102416,"date":"2025-10-06T19:02:17","date_gmt":"2025-10-06T22:02:17","guid":{"rendered":"https:\/\/anacleta.com.ar\/?post_type=product&#038;p=102416"},"modified":"2026-02-06T18:30:33","modified_gmt":"2026-02-06T21:30:33","slug":"musculosa-marti","status":"publish","type":"product","link":"https:\/\/anacleta.com.ar\/es_es\/producto\/musculosa-marti\/","title":{"rendered":"Musculosa Marti"},"content":{"rendered":"","protected":false},"excerpt":{"rendered":"<div class=\"product-description user-content\">\n<p>Musculosa de morley acanalado, calce al cuerpo y dise\u00f1o racer. Un b\u00e1sico infaltable para armar m\u00faltiples looks.<\/p>\n<\/div>\n","protected":false},"featured_media":0,"template":"","meta":[],"product_brand":[486],"product_cat":[129],"product_tag":[384],"class_list":{"0":"post-102416","1":"product","2":"type-product","3":"status-publish","5":"product_brand-paz-cornu","6":"product_cat-remeras","7":"product_tag-paz-cornu","9":"first","10":"instock","11":"shipping-taxable","12":"purchasable","13":"product-type-variable"},"_links":{"self":[{"href":"https:\/\/anacleta.com.ar\/es_es\/wp-json\/wp\/v2\/product\/102416","targetHints":{"allow":["GET"]}}],"collection":[{"href":"https:\/\/anacleta.com.ar\/es_es\/wp-json\/wp\/v2\/product"}],"about":[{"href":"https:\/\/anacleta.com.ar\/es_es\/wp-json\/wp\/v2\/types\/product"}],"wp:attachment":[{"href":"https:\/\/anacleta.com.ar\/es_es\/wp-json\/wp\/v2\/media?parent=102416"}],"wp:term":[{"taxonomy":"product_brand","embeddable":true,"href":"https:\/\/anacleta.com.ar\/es_es\/wp-json\/wp\/v2\/product_brand?post=102416"},{"taxonomy":"product_cat","embeddable":true,"href":"https:\/\/anacleta.com.ar\/es_es\/wp-json\/wp\/v2\/product_cat?post=102416"},{"taxonomy":"product_tag","embeddable":true,"href":"https:\/\/anacleta.com.ar\/es_es\/wp-json\/wp\/v2\/product_tag?post=102416"}],"curies":[{"name":"wp","href":"https:\/\/api.w.org\/{rel}","templated":true}]}}