{"id":102764,"date":"2025-10-08T19:25:06","date_gmt":"2025-10-08T22:25:06","guid":{"rendered":"https:\/\/anacleta.com.ar\/?post_type=product&#038;p=102764"},"modified":"2026-02-14T10:33:10","modified_gmt":"2026-02-14T13:33:10","slug":"remera-orleans-2","status":"publish","type":"product","link":"https:\/\/anacleta.com.ar\/es_es\/producto\/remera-orleans-2\/","title":{"rendered":"Remera Orleans"},"content":{"rendered":"","protected":false},"excerpt":{"rendered":"<p>La Remera Orleans de, de jersey de algod\u00f3n peruano, es de calce fitted, escote en \u00abV\u00bb y manga corta. Presenta detalle de bordado marcario en frente a tono. Un cl\u00e1sico super vers\u00e1til y f\u00e1cil de combinar con cualquier prenda.<br \/>\n<em>Referencia modelo: Altura 1,75 Talle 2<\/em><\/p>\n","protected":false},"featured_media":102768,"template":"","meta":[],"product_brand":[481],"product_cat":[492,491,129],"product_tag":[111],"class_list":{"0":"post-102764","1":"product","2":"type-product","3":"status-publish","4":"has-post-thumbnail","6":"product_brand-ginebra","7":"product_cat-2x1","8":"product_cat-flash-market","9":"product_cat-remeras","10":"product_tag-ginebra","12":"first","13":"instock","14":"shipping-taxable","15":"purchasable","16":"product-type-variable"},"_links":{"self":[{"href":"https:\/\/anacleta.com.ar\/es_es\/wp-json\/wp\/v2\/product\/102764","targetHints":{"allow":["GET"]}}],"collection":[{"href":"https:\/\/anacleta.com.ar\/es_es\/wp-json\/wp\/v2\/product"}],"about":[{"href":"https:\/\/anacleta.com.ar\/es_es\/wp-json\/wp\/v2\/types\/product"}],"wp:featuredmedia":[{"embeddable":true,"href":"https:\/\/anacleta.com.ar\/es_es\/wp-json\/wp\/v2\/media\/102768"}],"wp:attachment":[{"href":"https:\/\/anacleta.com.ar\/es_es\/wp-json\/wp\/v2\/media?parent=102764"}],"wp:term":[{"taxonomy":"product_brand","embeddable":true,"href":"https:\/\/anacleta.com.ar\/es_es\/wp-json\/wp\/v2\/product_brand?post=102764"},{"taxonomy":"product_cat","embeddable":true,"href":"https:\/\/anacleta.com.ar\/es_es\/wp-json\/wp\/v2\/product_cat?post=102764"},{"taxonomy":"product_tag","embeddable":true,"href":"https:\/\/anacleta.com.ar\/es_es\/wp-json\/wp\/v2\/product_tag?post=102764"}],"curies":[{"name":"wp","href":"https:\/\/api.w.org\/{rel}","templated":true}]}}