{"id":102906,"date":"2025-10-15T19:40:02","date_gmt":"2025-10-15T22:40:02","guid":{"rendered":"https:\/\/anacleta.com.ar\/?post_type=product&#038;p=102906"},"modified":"2025-12-01T10:37:24","modified_gmt":"2025-12-01T13:37:24","slug":"remera-stewart","status":"publish","type":"product","link":"https:\/\/anacleta.com.ar\/es_es\/producto\/remera-stewart\/","title":{"rendered":"Remera Stewart"},"content":{"rendered":"","protected":false},"excerpt":{"rendered":"<p>Remera de fit cl\u00e1sico, con escote redondo y manga corta.<br \/>\nConfeccionada en jersey de algod\u00f3n con proceso de te\u00f1ido y gastado l\u00e1ser y estampa fotogr\u00e1fica en el frente.<\/p>\n","protected":false},"featured_media":102907,"template":"","meta":[],"product_brand":[],"product_cat":[129],"product_tag":[124],"class_list":{"0":"post-102906","1":"product","2":"type-product","3":"status-publish","4":"has-post-thumbnail","6":"product_cat-remeras","7":"product_tag-y-lovers","9":"first","10":"instock","11":"shipping-taxable","12":"purchasable","13":"product-type-variable"},"_links":{"self":[{"href":"https:\/\/anacleta.com.ar\/es_es\/wp-json\/wp\/v2\/product\/102906","targetHints":{"allow":["GET"]}}],"collection":[{"href":"https:\/\/anacleta.com.ar\/es_es\/wp-json\/wp\/v2\/product"}],"about":[{"href":"https:\/\/anacleta.com.ar\/es_es\/wp-json\/wp\/v2\/types\/product"}],"wp:featuredmedia":[{"embeddable":true,"href":"https:\/\/anacleta.com.ar\/es_es\/wp-json\/wp\/v2\/media\/102907"}],"wp:attachment":[{"href":"https:\/\/anacleta.com.ar\/es_es\/wp-json\/wp\/v2\/media?parent=102906"}],"wp:term":[{"taxonomy":"product_brand","embeddable":true,"href":"https:\/\/anacleta.com.ar\/es_es\/wp-json\/wp\/v2\/product_brand?post=102906"},{"taxonomy":"product_cat","embeddable":true,"href":"https:\/\/anacleta.com.ar\/es_es\/wp-json\/wp\/v2\/product_cat?post=102906"},{"taxonomy":"product_tag","embeddable":true,"href":"https:\/\/anacleta.com.ar\/es_es\/wp-json\/wp\/v2\/product_tag?post=102906"}],"curies":[{"name":"wp","href":"https:\/\/api.w.org\/{rel}","templated":true}]}}