{"id":102973,"date":"2025-10-18T08:28:14","date_gmt":"2025-10-18T11:28:14","guid":{"rendered":"https:\/\/anacleta.com.ar\/?post_type=product&#038;p=102973"},"modified":"2025-10-18T12:05:53","modified_gmt":"2025-10-18T15:05:53","slug":"vestido-plum-ek169","status":"publish","type":"product","link":"https:\/\/anacleta.com.ar\/es_es\/producto\/vestido-plum-ek169\/","title":{"rendered":"Vestido Plum EK169"},"content":{"rendered":"","protected":false},"excerpt":{"rendered":"<p>Largo hasta el suelo, jersey el\u00e1stico con brillantina, corpi\u00f1o tipo cors\u00e9 con varillas, adornos de piedras calientes y abertura lateral derecha.<\/p>\n","protected":false},"featured_media":102975,"template":"","meta":[],"product_brand":[],"product_cat":[125,130],"product_tag":[270],"class_list":{"0":"post-102973","1":"product","2":"type-product","3":"status-publish","4":"has-post-thumbnail","6":"product_cat-fiesta","7":"product_cat-vestidos-y-faldas","8":"product_tag-colecciones-importadas","10":"first","11":"instock","12":"shipping-taxable","13":"purchasable","14":"product-type-variable"},"_links":{"self":[{"href":"https:\/\/anacleta.com.ar\/es_es\/wp-json\/wp\/v2\/product\/102973","targetHints":{"allow":["GET"]}}],"collection":[{"href":"https:\/\/anacleta.com.ar\/es_es\/wp-json\/wp\/v2\/product"}],"about":[{"href":"https:\/\/anacleta.com.ar\/es_es\/wp-json\/wp\/v2\/types\/product"}],"wp:featuredmedia":[{"embeddable":true,"href":"https:\/\/anacleta.com.ar\/es_es\/wp-json\/wp\/v2\/media\/102975"}],"wp:attachment":[{"href":"https:\/\/anacleta.com.ar\/es_es\/wp-json\/wp\/v2\/media?parent=102973"}],"wp:term":[{"taxonomy":"product_brand","embeddable":true,"href":"https:\/\/anacleta.com.ar\/es_es\/wp-json\/wp\/v2\/product_brand?post=102973"},{"taxonomy":"product_cat","embeddable":true,"href":"https:\/\/anacleta.com.ar\/es_es\/wp-json\/wp\/v2\/product_cat?post=102973"},{"taxonomy":"product_tag","embeddable":true,"href":"https:\/\/anacleta.com.ar\/es_es\/wp-json\/wp\/v2\/product_tag?post=102973"}],"curies":[{"name":"wp","href":"https:\/\/api.w.org\/{rel}","templated":true}]}}