{"id":103030,"date":"2025-10-18T08:07:45","date_gmt":"2025-10-18T11:07:45","guid":{"rendered":"https:\/\/anacleta.com.ar\/?post_type=product&#038;p=103030"},"modified":"2025-10-18T12:06:53","modified_gmt":"2025-10-18T15:06:53","slug":"vestido-black-ek166","status":"publish","type":"product","link":"https:\/\/anacleta.com.ar\/es_es\/producto\/vestido-black-ek166\/","title":{"rendered":"Vestido Black EK166"},"content":{"rendered":"","protected":false},"excerpt":{"rendered":"<p>Vestido largo de jersey brillante con abertura y faj\u00edn, escote coraz\u00f3n adornado con cuentas y corpi\u00f1o transparente. Cremallera en la espalda.<\/p>\n","protected":false},"featured_media":103032,"template":"","meta":[],"product_brand":[],"product_cat":[125,130],"product_tag":[270],"class_list":{"0":"post-103030","1":"product","2":"type-product","3":"status-publish","4":"has-post-thumbnail","6":"product_cat-fiesta","7":"product_cat-vestidos-y-faldas","8":"product_tag-colecciones-importadas","10":"first","11":"instock","12":"shipping-taxable","13":"purchasable","14":"product-type-variable"},"_links":{"self":[{"href":"https:\/\/anacleta.com.ar\/es_es\/wp-json\/wp\/v2\/product\/103030","targetHints":{"allow":["GET"]}}],"collection":[{"href":"https:\/\/anacleta.com.ar\/es_es\/wp-json\/wp\/v2\/product"}],"about":[{"href":"https:\/\/anacleta.com.ar\/es_es\/wp-json\/wp\/v2\/types\/product"}],"wp:featuredmedia":[{"embeddable":true,"href":"https:\/\/anacleta.com.ar\/es_es\/wp-json\/wp\/v2\/media\/103032"}],"wp:attachment":[{"href":"https:\/\/anacleta.com.ar\/es_es\/wp-json\/wp\/v2\/media?parent=103030"}],"wp:term":[{"taxonomy":"product_brand","embeddable":true,"href":"https:\/\/anacleta.com.ar\/es_es\/wp-json\/wp\/v2\/product_brand?post=103030"},{"taxonomy":"product_cat","embeddable":true,"href":"https:\/\/anacleta.com.ar\/es_es\/wp-json\/wp\/v2\/product_cat?post=103030"},{"taxonomy":"product_tag","embeddable":true,"href":"https:\/\/anacleta.com.ar\/es_es\/wp-json\/wp\/v2\/product_tag?post=103030"}],"curies":[{"name":"wp","href":"https:\/\/api.w.org\/{rel}","templated":true}]}}