{"id":103060,"date":"2025-10-18T08:40:30","date_gmt":"2025-10-18T11:40:30","guid":{"rendered":"https:\/\/anacleta.com.ar\/?post_type=product&#038;p=103060"},"modified":"2025-10-18T12:24:39","modified_gmt":"2025-10-18T15:24:39","slug":"vestido-lavender-9008","status":"publish","type":"product","link":"https:\/\/anacleta.com.ar\/es_es\/producto\/vestido-lavender-9008\/","title":{"rendered":"Vestido Lavender 9008"},"content":{"rendered":"","protected":false},"excerpt":{"rendered":"<p>Vestido de sat\u00e9n dulce con corte A, escote coraz\u00f3n y espalda de cors\u00e9 abierta.<\/p>\n","protected":false},"featured_media":103062,"template":"","meta":[],"product_brand":[],"product_cat":[125,130],"product_tag":[270],"class_list":{"0":"post-103060","1":"product","2":"type-product","3":"status-publish","4":"has-post-thumbnail","6":"product_cat-fiesta","7":"product_cat-vestidos-y-faldas","8":"product_tag-colecciones-importadas","10":"first","11":"instock","12":"shipping-taxable","13":"purchasable","14":"product-type-variable"},"_links":{"self":[{"href":"https:\/\/anacleta.com.ar\/es_es\/wp-json\/wp\/v2\/product\/103060","targetHints":{"allow":["GET"]}}],"collection":[{"href":"https:\/\/anacleta.com.ar\/es_es\/wp-json\/wp\/v2\/product"}],"about":[{"href":"https:\/\/anacleta.com.ar\/es_es\/wp-json\/wp\/v2\/types\/product"}],"wp:featuredmedia":[{"embeddable":true,"href":"https:\/\/anacleta.com.ar\/es_es\/wp-json\/wp\/v2\/media\/103062"}],"wp:attachment":[{"href":"https:\/\/anacleta.com.ar\/es_es\/wp-json\/wp\/v2\/media?parent=103060"}],"wp:term":[{"taxonomy":"product_brand","embeddable":true,"href":"https:\/\/anacleta.com.ar\/es_es\/wp-json\/wp\/v2\/product_brand?post=103060"},{"taxonomy":"product_cat","embeddable":true,"href":"https:\/\/anacleta.com.ar\/es_es\/wp-json\/wp\/v2\/product_cat?post=103060"},{"taxonomy":"product_tag","embeddable":true,"href":"https:\/\/anacleta.com.ar\/es_es\/wp-json\/wp\/v2\/product_tag?post=103060"}],"curies":[{"name":"wp","href":"https:\/\/api.w.org\/{rel}","templated":true}]}}