{"id":103063,"date":"2025-10-18T08:48:44","date_gmt":"2025-10-18T11:48:44","guid":{"rendered":"https:\/\/anacleta.com.ar\/?post_type=product&#038;p=103063"},"modified":"2025-10-18T12:23:49","modified_gmt":"2025-10-18T15:23:49","slug":"vestido-hot-magenta-9177","status":"publish","type":"product","link":"https:\/\/anacleta.com.ar\/es_es\/producto\/vestido-hot-magenta-9177\/","title":{"rendered":"Vestido Hot Magenta 9177"},"content":{"rendered":"","protected":false},"excerpt":{"rendered":"<p>Vestido de malla, corte A, largo hasta el suelo, con forro de sat\u00e9n para mayor comodidad, corpi\u00f1o estilo cors\u00e9 con escote en forma de coraz\u00f3n y abertura en la pierna hasta el muslo. Cremallera en la espalda.<\/p>\n","protected":false},"featured_media":103065,"template":"","meta":[],"product_brand":[],"product_cat":[125,130],"product_tag":[270],"class_list":{"0":"post-103063","1":"product","2":"type-product","3":"status-publish","4":"has-post-thumbnail","6":"product_cat-fiesta","7":"product_cat-vestidos-y-faldas","8":"product_tag-colecciones-importadas","10":"first","11":"instock","12":"shipping-taxable","13":"purchasable","14":"product-type-variable"},"_links":{"self":[{"href":"https:\/\/anacleta.com.ar\/es_es\/wp-json\/wp\/v2\/product\/103063","targetHints":{"allow":["GET"]}}],"collection":[{"href":"https:\/\/anacleta.com.ar\/es_es\/wp-json\/wp\/v2\/product"}],"about":[{"href":"https:\/\/anacleta.com.ar\/es_es\/wp-json\/wp\/v2\/types\/product"}],"wp:featuredmedia":[{"embeddable":true,"href":"https:\/\/anacleta.com.ar\/es_es\/wp-json\/wp\/v2\/media\/103065"}],"wp:attachment":[{"href":"https:\/\/anacleta.com.ar\/es_es\/wp-json\/wp\/v2\/media?parent=103063"}],"wp:term":[{"taxonomy":"product_brand","embeddable":true,"href":"https:\/\/anacleta.com.ar\/es_es\/wp-json\/wp\/v2\/product_brand?post=103063"},{"taxonomy":"product_cat","embeddable":true,"href":"https:\/\/anacleta.com.ar\/es_es\/wp-json\/wp\/v2\/product_cat?post=103063"},{"taxonomy":"product_tag","embeddable":true,"href":"https:\/\/anacleta.com.ar\/es_es\/wp-json\/wp\/v2\/product_tag?post=103063"}],"curies":[{"name":"wp","href":"https:\/\/api.w.org\/{rel}","templated":true}]}}