{"id":103294,"date":"2025-10-17T18:39:38","date_gmt":"2025-10-17T21:39:38","guid":{"rendered":"https:\/\/anacleta.com.ar\/?post_type=product&#038;p=103294"},"modified":"2026-02-13T18:54:45","modified_gmt":"2026-02-13T21:54:45","slug":"jeans-carrie-mid","status":"publish","type":"product","link":"https:\/\/anacleta.com.ar\/es_es\/producto\/jeans-carrie-mid\/","title":{"rendered":"Jeans Carrie Mid"},"content":{"rendered":"","protected":false},"excerpt":{"rendered":"<p>Jeans Carrie Mid de silueta slouchy confeccionado en tejido s\u00faper liviano. Es de tiro medio y tiene pinzas que generan una forma englobada hacia la botamanga.<\/p>\n<p>Composici\u00f3n: 66% algod\u00f3n, 20% algod\u00f3n reciclado, 6% poli\u00e9ster reciclado, 6% elastomultiester, 2% elastano<\/p>\n<p>Referencia modelo Sasha: Altura 1,72 Talle: 22<\/p>\n","protected":false},"featured_media":103300,"template":"","meta":[],"product_brand":[480],"product_cat":[492,126,491,134,461],"product_tag":[112],"class_list":{"0":"post-103294","1":"product","2":"type-product","3":"status-publish","4":"has-post-thumbnail","6":"product_brand-jazmin-chebar","7":"product_cat-2x1","8":"product_cat-denim","9":"product_cat-flash-market","10":"product_cat-pantalones","11":"product_cat-todo-para-chebar","12":"product_tag-jazmin-chebar","14":"first","15":"instock","16":"shipping-taxable","17":"purchasable","18":"product-type-variable"},"_links":{"self":[{"href":"https:\/\/anacleta.com.ar\/es_es\/wp-json\/wp\/v2\/product\/103294","targetHints":{"allow":["GET"]}}],"collection":[{"href":"https:\/\/anacleta.com.ar\/es_es\/wp-json\/wp\/v2\/product"}],"about":[{"href":"https:\/\/anacleta.com.ar\/es_es\/wp-json\/wp\/v2\/types\/product"}],"wp:featuredmedia":[{"embeddable":true,"href":"https:\/\/anacleta.com.ar\/es_es\/wp-json\/wp\/v2\/media\/103300"}],"wp:attachment":[{"href":"https:\/\/anacleta.com.ar\/es_es\/wp-json\/wp\/v2\/media?parent=103294"}],"wp:term":[{"taxonomy":"product_brand","embeddable":true,"href":"https:\/\/anacleta.com.ar\/es_es\/wp-json\/wp\/v2\/product_brand?post=103294"},{"taxonomy":"product_cat","embeddable":true,"href":"https:\/\/anacleta.com.ar\/es_es\/wp-json\/wp\/v2\/product_cat?post=103294"},{"taxonomy":"product_tag","embeddable":true,"href":"https:\/\/anacleta.com.ar\/es_es\/wp-json\/wp\/v2\/product_tag?post=103294"}],"curies":[{"name":"wp","href":"https:\/\/api.w.org\/{rel}","templated":true}]}}